{"id":9941,"date":"2019-11-16T11:24:40","date_gmt":"2019-11-16T10:24:40","guid":{"rendered":"http:\/\/hammampacha.com\/shop\/produit\/korpermassage-30min-2\/"},"modified":"2023-08-06T01:59:34","modified_gmt":"2023-08-05T23:59:34","slug":"korpermassage-mit-heisen-olen-30min","status":"publish","type":"product","link":"https:\/\/hammampacha.com\/shop\/produit\/korpermassage-mit-heisen-olen-30min\/?lang=de","title":{"rendered":"K\u00f6rpermassage mit hei\u00dfen \u00d6len &#8211; 30min"},"content":{"rendered":"<p><strong>K\u00f6rpermassage &#8211; 30min Hammam Pacha<\/strong><\/p>\n<p>K\u00f6rpermassage mit \u00d6lnach Wahl<\/p>\n<p><u><strong>Hinweis : F\u00fcr die Massagen (nichtmedizinisch) und Pflegeanwendungenben\u00f6tigen Sieeine Eintrittskarteins Hammam oderein Komplettangebot<\/strong><\/u><\/p>\n<p><strong>Minimum 2 bis 4 Stunden, je nach Andrang &#8211; Ohne Termin<\/strong><\/p>\n<p><strong>Die f\u00fcr die einzelnen Verfahren angegebenen Zeiten k\u00f6nnen je nach Arbeitsaufwand l\u00e4nger sein und dienen nur als Richtwerte.<\/strong><\/p>\n<p><strong>Dieser Eintritt ist ab dem Ausstellungsdatum 1 Jahr lang g\u00fcltig.<br \/>\nNur g\u00fcltig f\u00fcr das Hammam Pacha in Paris.<\/strong><\/p>\n<p><span style=\"color: #4e2222;\"> Sie k\u00f6nnen Ihre Geschenkgutscheine jetzt auch direkt nach Abschluss der Bestellung herunterladen und drucken.<\/span><span style=\"color: #4e2222;\"><br \/>\n<\/span><\/p>\n","protected":false},"excerpt":{"rendered":"<p>K\u00f6rpermassage mit hei\u00dfen \u00d6len &#8211; 30min<\/p>\n","protected":false},"featured_media":707,"template":"","meta":[],"product_brand":[],"product_cat":[160],"product_tag":[],"class_list":{"0":"post-9941","1":"product","2":"type-product","3":"status-publish","4":"has-post-thumbnail","6":"product_cat-einzelanwendungen","8":"first","9":"instock","10":"virtual","11":"taxable","12":"purchasable","13":"product-type-simple"},"_links":{"self":[{"href":"https:\/\/hammampacha.com\/shop\/wp-json\/wp\/v2\/product\/9941","targetHints":{"allow":["GET"]}}],"collection":[{"href":"https:\/\/hammampacha.com\/shop\/wp-json\/wp\/v2\/product"}],"about":[{"href":"https:\/\/hammampacha.com\/shop\/wp-json\/wp\/v2\/types\/product"}],"wp:featuredmedia":[{"embeddable":true,"href":"https:\/\/hammampacha.com\/shop\/wp-json\/wp\/v2\/media\/707"}],"wp:attachment":[{"href":"https:\/\/hammampacha.com\/shop\/wp-json\/wp\/v2\/media?parent=9941"}],"wp:term":[{"taxonomy":"product_brand","embeddable":true,"href":"https:\/\/hammampacha.com\/shop\/wp-json\/wp\/v2\/product_brand?post=9941"},{"taxonomy":"product_cat","embeddable":true,"href":"https:\/\/hammampacha.com\/shop\/wp-json\/wp\/v2\/product_cat?post=9941"},{"taxonomy":"product_tag","embeddable":true,"href":"https:\/\/hammampacha.com\/shop\/wp-json\/wp\/v2\/product_tag?post=9941"}],"curies":[{"name":"wp","href":"https:\/\/api.w.org\/{rel}","templated":true}]}}