{"id":9976,"date":"2019-11-16T11:32:50","date_gmt":"2019-11-16T10:32:50","guid":{"rendered":"http:\/\/hammampacha.com\/shop\/produit\/massagem-corporal-de-1-hora\/"},"modified":"2023-08-06T02:17:34","modified_gmt":"2023-08-06T00:17:34","slug":"massagem-corporal-de-1-hora","status":"publish","type":"product","link":"https:\/\/hammampacha.com\/shop\/produit\/massagem-corporal-de-1-hora\/?lang=pt-pt","title":{"rendered":"Massagem corporal de 1 hora"},"content":{"rendered":"<p>Massagem corporal de\u00a01 hora Hammam Pacha<\/p>\n<p>massagem, com \u00f3leo \u00e0 escolha<\/p>\n<p><strong><u>NB: as massagens e cuidados s\u00f3 podem ser efetuados mediante a compra de uma entrada no Hammam ou de um pacote.<\/u><\/strong><\/p>\n<p><strong>M\u00ednimo de 2 a 4 horas, consoante a ocupa\u00e7\u00e3o<\/strong> &#8211; <strong>Sem marca\u00e7\u00e3o<\/strong><\/p>\n<p><strong>Os tempos indicados para cada procedimento podem ser mais longos em fun\u00e7\u00e3o do volume de trabalho e s\u00e3o dados a t\u00edtulo indicativo.<\/strong><\/p>\n<p>Estes pacotes s\u00e3o v\u00e1lidos durante 1 ano<br \/>\nV\u00e1lido exclusivamente no Hammam Pacha de PARIS<\/p>\n<p>Massagens n\u00e3o terap\u00eauticas<\/p>\n<p><b>Depois de validar a sua encomenda poder\u00e1 fazer o download e imprimir diretamente os seus vales de oferta.\u00a0<\/b><\/p>\n","protected":false},"excerpt":{"rendered":"<p>Massagem corporal de 1 hora<\/p>\n","protected":false},"featured_media":694,"template":"","meta":[],"product_brand":[],"product_cat":[163],"product_tag":[],"class_list":{"0":"post-9976","1":"product","2":"type-product","3":"status-publish","4":"has-post-thumbnail","6":"product_cat-cuidados-a-carta","8":"first","9":"instock","10":"virtual","11":"taxable","12":"purchasable","13":"product-type-simple"},"_links":{"self":[{"href":"https:\/\/hammampacha.com\/shop\/wp-json\/wp\/v2\/product\/9976","targetHints":{"allow":["GET"]}}],"collection":[{"href":"https:\/\/hammampacha.com\/shop\/wp-json\/wp\/v2\/product"}],"about":[{"href":"https:\/\/hammampacha.com\/shop\/wp-json\/wp\/v2\/types\/product"}],"wp:featuredmedia":[{"embeddable":true,"href":"https:\/\/hammampacha.com\/shop\/wp-json\/wp\/v2\/media\/694"}],"wp:attachment":[{"href":"https:\/\/hammampacha.com\/shop\/wp-json\/wp\/v2\/media?parent=9976"}],"wp:term":[{"taxonomy":"product_brand","embeddable":true,"href":"https:\/\/hammampacha.com\/shop\/wp-json\/wp\/v2\/product_brand?post=9976"},{"taxonomy":"product_cat","embeddable":true,"href":"https:\/\/hammampacha.com\/shop\/wp-json\/wp\/v2\/product_cat?post=9976"},{"taxonomy":"product_tag","embeddable":true,"href":"https:\/\/hammampacha.com\/shop\/wp-json\/wp\/v2\/product_tag?post=9976"}],"curies":[{"name":"wp","href":"https:\/\/api.w.org\/{rel}","templated":true}]}}