{"id":9996,"date":"2019-11-16T14:37:26","date_gmt":"2019-11-16T13:37:26","guid":{"rendered":"http:\/\/hammampacha.com\/shop\/produit\/buono-regalo-da-20e\/"},"modified":"2020-01-27T14:18:47","modified_gmt":"2020-01-27T13:18:47","slug":"buono-regalo-da-20e","status":"publish","type":"product","link":"https:\/\/hammampacha.com\/shop\/produit\/buono-regalo-da-20e\/?lang=it","title":{"rendered":"Buono regalo da 20\u20ac"},"content":{"rendered":"<p>Non sai quale forfait scegliere?<\/p>\n<p>Ragala un buono regalo alle tue amiche! Lo potranno utilizzare all\u2019Hammam Pacha di Parigi<\/p>\n<p>Dimensioni: 17,5 x 8 cm.<\/p>\n<p>Puoi scegliere i buoni regalo dell\u2019Hammam Pacha con valore di 10 \u20ac, 20 \u20ac e 50 \u20ac.<\/p>\n<p>Scegli il valore del tuo regalo!<\/p>\n<p>NB : Commande minimum de 50 \u20ac par exp\u00e9dition.<\/p>\n<p>Condizioni d\u2019utilizzo:<br \/>\nOgni buono pu\u00f2 essere utilizzato in una sola volta, non \u00e8 rimborsabile, n\u00e9 scambiabile ed \u00e8 valido esclusivamente all\u2019Hammam Pacha di Parigi.<\/p>\n<p>I buoni non possono ceduti in cambio del controvalore in denaro e non danno diritto ad ottenere il resto quando vengono parzialmente utilizzati.<\/p>\n<p>Il buono non pu\u00f2 essere sostituito n\u00e9 rimborsato in caso di perdita o di furto o alla scadenza della data di validit\u00e0.<\/p>\n<p>I buoni regalo sono validi 1 anno.<\/p>\n<p>Quando l\u2019ordine \u00e8 completo, puoi scaricare e stampare direttamente i buoni regalo.<\/p>\n<p>Per maggiori informazioni, vedi le condizioni di vendita.<\/p>\n","protected":false},"excerpt":{"rendered":"<p>Buono regalo da 20\u20ac<\/p>\n","protected":false},"featured_media":867,"template":"","meta":[],"product_brand":[],"product_cat":[141],"product_tag":[],"class_list":{"0":"post-9996","1":"product","2":"type-product","3":"status-publish","4":"has-post-thumbnail","6":"product_cat-bonos-de-regalo","8":"first","9":"instock","10":"virtual","11":"taxable","12":"purchasable","13":"product-type-simple"},"_links":{"self":[{"href":"https:\/\/hammampacha.com\/shop\/wp-json\/wp\/v2\/product\/9996","targetHints":{"allow":["GET"]}}],"collection":[{"href":"https:\/\/hammampacha.com\/shop\/wp-json\/wp\/v2\/product"}],"about":[{"href":"https:\/\/hammampacha.com\/shop\/wp-json\/wp\/v2\/types\/product"}],"wp:featuredmedia":[{"embeddable":true,"href":"https:\/\/hammampacha.com\/shop\/wp-json\/wp\/v2\/media\/867"}],"wp:attachment":[{"href":"https:\/\/hammampacha.com\/shop\/wp-json\/wp\/v2\/media?parent=9996"}],"wp:term":[{"taxonomy":"product_brand","embeddable":true,"href":"https:\/\/hammampacha.com\/shop\/wp-json\/wp\/v2\/product_brand?post=9996"},{"taxonomy":"product_cat","embeddable":true,"href":"https:\/\/hammampacha.com\/shop\/wp-json\/wp\/v2\/product_cat?post=9996"},{"taxonomy":"product_tag","embeddable":true,"href":"https:\/\/hammampacha.com\/shop\/wp-json\/wp\/v2\/product_tag?post=9996"}],"curies":[{"name":"wp","href":"https:\/\/api.w.org\/{rel}","templated":true}]}}