{"id":1428,"date":"2015-11-12T00:39:23","date_gmt":"2015-11-11T23:39:23","guid":{"rendered":"https:\/\/hammampacha.com\/wpress\/?page_id=1428"},"modified":"2023-07-11T14:36:57","modified_gmt":"2023-07-11T13:36:57","slug":"taux-de-satisfaction-3","status":"publish","type":"page","link":"https:\/\/hammampacha.com\/wpress\/taux-de-satisfaction-3\/","title":{"rendered":"Taux de satisfaction"},"content":{"rendered":"<h1 style=\"text-align: center;\">Taux de satisfaction<\/h1>\n<p>&nbsp;<\/p>\n<p style=\"text-align: center;\"><span style=\"font-size: 24pt;\">La satisfaction de nos clientes est notre objectif quotidien.<\/span><\/p>\n<p>&nbsp;<\/p>\n<p style=\"text-align: center;\"><span style=\"font-size: 18pt;\">Les avis laiss\u00e9s sur les r\u00e9seaux sociaux ou les sites sp\u00e9cialis\u00e9s comme Tripadvisor ne sont absolument pas fiables<br \/>\npuisque n&#8217;importe qui peut poster une critique sans m\u00eame \u00eatre client.<\/span><\/p>\n<p>&nbsp;<\/p>\n<p style=\"text-align: center;\"><span style=\"font-size: 18pt;\">Les concurrents, les malveillants et les r\u00e2leurs professionnels s&#8217;en donnent d&#8217;ailleurs \u00e0 c\u0153ur-joie,<\/span><br \/>\n<span style=\"font-size: 18pt;\"> comme nous pouvons tous le constater sur le net.<\/span><\/p>\n<p>&nbsp;<\/p>\n<p style=\"text-align: center;\"><span style=\"font-size: 18pt;\">C&#8217;est pourquoi nous avons demand\u00e9 \u00e0 nos v\u00e9ritables clientes de r\u00e9pondre <u>\u00e0 la sortie de notre \u00e9tablissement<\/u> \u00e0 un <u>questionnaire anonyme de satisfaction<\/u>.<\/span><\/p>\n<p>&nbsp;<\/p>\n<p style=\"text-align: center;\"><span style=\"font-size: 18pt;\">Les r\u00e9sultats sont donc fiables et \u00e9difiants, en 17 mois :<\/span><\/p>\n<p style=\"text-align: center;\"><span style=\"font-size: 24pt;\"><strong>2394\u00a0<\/strong><strong> v\u00e9ritables clientes ont r\u00e9pondu \u00e0 ce questionnaire<\/strong>.<\/span><\/p>\n<p style=\"text-align: center;\"><span style=\"font-size: 24pt;\"><strong>Plus de\u00a099% de nos clientes recommandent le Hammam Pacha \u00e0 leurs amies !<\/strong><\/span><\/p>\n<p>&nbsp;<\/p>\n<p style=\"text-align: center;\"><span style=\"font-size: 24pt;\">Nous serions heureux que vous soyez notre prochaine cliente satisfaite. <\/span><\/p>\n<p style=\"text-align: center;\"><span style=\"font-size: 18pt;\">Vous pouvez compter sur la d\u00e9termination de notre \u00e9quipe \u00e0 faire le maximum pour continuer \u00e0 am\u00e9liorer nos prestations<\/span><\/p>\n<p>&nbsp;<\/p>\n<h1 style=\"text-align: center;\"><a href=\"https:\/\/hammampacha.com\/wpress\/wp-content\/uploads\/Hammam-Pacha-reponses-enquetes-sept-2015-1.pdf\" target=\"_blank\" rel=\"noopener\">Voir l&#8217;enqu\u00eate compl\u00e8te <span style=\"text-decoration: underline;\">ici<\/span><\/a><\/h1>\n","protected":false},"excerpt":{"rendered":"<p>Taux de satisfaction &nbsp; La satisfaction de nos clientes est notre objectif quotidien. &nbsp; Les avis laiss\u00e9s sur les r\u00e9seaux sociaux ou les sites sp\u00e9cialis\u00e9s comme Tripadvisor ne sont absolument pas fiables puisque n&#8217;importe qui peut poster une critique sans m\u00eame \u00eatre client. &nbsp; Les concurrents, les malveillants et les r\u00e2leurs professionnels s&#8217;en donnent d&#8217;ailleurs<\/p>\n","protected":false},"author":2,"featured_media":0,"parent":0,"menu_order":0,"comment_status":"closed","ping_status":"closed","template":"","meta":{"footnotes":""},"class_list":["post-1428","page","type-page","status-publish","hentry"],"acf":[],"_links":{"self":[{"href":"https:\/\/hammampacha.com\/wpress\/wp-json\/wp\/v2\/pages\/1428","targetHints":{"allow":["GET"]}}],"collection":[{"href":"https:\/\/hammampacha.com\/wpress\/wp-json\/wp\/v2\/pages"}],"about":[{"href":"https:\/\/hammampacha.com\/wpress\/wp-json\/wp\/v2\/types\/page"}],"author":[{"embeddable":true,"href":"https:\/\/hammampacha.com\/wpress\/wp-json\/wp\/v2\/users\/2"}],"replies":[{"embeddable":true,"href":"https:\/\/hammampacha.com\/wpress\/wp-json\/wp\/v2\/comments?post=1428"}],"version-history":[{"count":0,"href":"https:\/\/hammampacha.com\/wpress\/wp-json\/wp\/v2\/pages\/1428\/revisions"}],"wp:attachment":[{"href":"https:\/\/hammampacha.com\/wpress\/wp-json\/wp\/v2\/media?parent=1428"}],"curies":[{"name":"wp","href":"https:\/\/api.w.org\/{rel}","templated":true}]}}