{"id":2354,"date":"2017-05-19T14:16:50","date_gmt":"2017-05-19T13:16:50","guid":{"rendered":"https:\/\/hammampacha.com\/wpress\/?page_id=2354"},"modified":"2023-07-11T20:19:22","modified_gmt":"2023-07-11T19:19:22","slug":"qui-sommes-nous-b","status":"publish","type":"page","link":"https:\/\/hammampacha.com\/wpress\/qui-sommes-nous-b\/","title":{"rendered":"<br>QUI SOMMES NOUS"},"content":{"rendered":"<table width=\"700\">\r\n<tbody>\r\n<tr>\r\n<td style=\"text-align: center;\" colspan=\"7\" width=\"700\">\r\n<h3><strong>La r\u00e9f\u00e9rence des hammams depuis plus de 35 ans !<\/strong><\/h3>\r\n<h3>\u201cOuvrez les portes du bien-\u00eatre\u201d<\/h3>\r\n<h3>Sur pr\u00e8s de 700 m\u00b2 au c\u0153ur du 6\u00e8me arrondissement de Paris<\/h3>\r\n<h3>Ouvert 7 jours sur 7, y compris les jours f\u00e9ri\u00e9s*<\/h3>\r\n<h3>Sans rendez-vous (sauf pour les \u00e9pilations)<\/h3>\r\n<h3>Exclusivement r\u00e9serv\u00e9 aux femmes<\/h3>\r\n<\/td>\r\n<\/tr>\r\n<tr>\r\n<td style=\"text-align: center;\" colspan=\"7\">\u00a0<\/td>\r\n<\/tr>\r\n<\/tbody>\r\n<\/table>\r\n<table style=\"border-collapse: collapse;\">\r\n<tbody>\r\n<tr style=\"height: 23px;\">\r\n<td style=\"width: 50%; height: 23px; text-align: center;\">\r\n<h3><strong>NOS TRADITIONS<\/strong><\/h3>\r\n<\/td>\r\n<td style=\"width: 50%; height: 23px; text-align: center;\">\r\n<h3><strong>PHOTOS\/VIDEOS<\/strong><\/h3>\r\n<\/td>\r\n<\/tr>\r\n<tr style=\"height: 23px;\">\r\n<td style=\"width: 50%; height: 23px; text-align: center;\"><a href=\"https:\/\/hammampacha.com\/wpress\/qui-sommes-nous\/\"><img decoding=\"async\" src=\"https:\/\/hammampacha.com\/images\/dalle500.jpg\" alt=\"\" \/><\/a><\/td>\r\n<td style=\"width: 50%; height: 23px; text-align: center;\"><a href=\"https:\/\/hammampacha.com\/wpress\/portfolio\/\"><img decoding=\"async\" src=\"https:\/\/hammampacha.com\/images\/repos500.jpg\" alt=\"\" \/><\/a><\/td>\r\n<\/tr>\r\n<tr style=\"height: 23px;\">\r\n<td style=\"width: 50%; height 120px; vertical-align: bottom; text-align: center;\">\r\n<h4>\u00a0<\/h4>\r\n<h3><strong>NOS RITUELS<\/strong><\/h3>\r\n<\/td>\r\n<td style=\"width: 50%; height: 120px; vertical-align: bottom; text-align: center;\">\r\n<h4>\u00a0<\/h4>\r\n<h3><strong>REVUE DE PRESSE\/TAUX DE SATISFACTION<\/strong><\/h3>\r\n<\/td>\r\n<\/tr>\r\n<tr style=\"height: 23px;\">\r\n<td style=\"width: 50%; height: 23px; text-align: center;\"><a href=\"https:\/\/hammampacha.com\/wpress\/nos-rituels\/\"><img decoding=\"async\" src=\"https:\/\/hammampacha.com\/images\/sauna500.jpg\" alt=\"\" \/><\/a><\/td>\r\n<td style=\"width: 50%; height: 23px; text-align: center;\"><a href=\"https:\/\/hammampacha.com\/wpress\/revue-de-presse\/\"><img decoding=\"async\" src=\"https:\/\/hammampacha.com\/images\/restaurant500.jpg\" alt=\"\" \/><\/a><\/td>\r\n<\/tr>\r\n<\/tbody>\r\n<\/table>\r\n","protected":false},"excerpt":{"rendered":"<p>La r\u00e9f\u00e9rence des hammams depuis plus de 35 ans ! \u201cOuvrez les portes du bien-\u00eatre\u201d Sur pr\u00e8s de 700 m\u00b2 au c\u0153ur du 6\u00e8me arrondissement de Paris Ouvert 7 jours sur 7, y compris les jours f\u00e9ri\u00e9s* Sans rendez-vous (sauf pour les \u00e9pilations) Exclusivement r\u00e9serv\u00e9 aux femmes \u00a0 NOS TRADITIONS PHOTOS\/VIDEOS \u00a0 NOS RITUELS \u00a0<\/p>\n","protected":false},"author":2,"featured_media":0,"parent":0,"menu_order":0,"comment_status":"closed","ping_status":"closed","template":"","meta":{"footnotes":""},"class_list":["post-2354","page","type-page","status-publish","hentry"],"acf":[],"_links":{"self":[{"href":"https:\/\/hammampacha.com\/wpress\/wp-json\/wp\/v2\/pages\/2354","targetHints":{"allow":["GET"]}}],"collection":[{"href":"https:\/\/hammampacha.com\/wpress\/wp-json\/wp\/v2\/pages"}],"about":[{"href":"https:\/\/hammampacha.com\/wpress\/wp-json\/wp\/v2\/types\/page"}],"author":[{"embeddable":true,"href":"https:\/\/hammampacha.com\/wpress\/wp-json\/wp\/v2\/users\/2"}],"replies":[{"embeddable":true,"href":"https:\/\/hammampacha.com\/wpress\/wp-json\/wp\/v2\/comments?post=2354"}],"version-history":[{"count":3,"href":"https:\/\/hammampacha.com\/wpress\/wp-json\/wp\/v2\/pages\/2354\/revisions"}],"predecessor-version":[{"id":3789,"href":"https:\/\/hammampacha.com\/wpress\/wp-json\/wp\/v2\/pages\/2354\/revisions\/3789"}],"wp:attachment":[{"href":"https:\/\/hammampacha.com\/wpress\/wp-json\/wp\/v2\/media?parent=2354"}],"curies":[{"name":"wp","href":"https:\/\/api.w.org\/{rel}","templated":true}]}}