{"id":2668,"date":"2020-06-06T05:59:10","date_gmt":"2020-06-06T04:59:10","guid":{"rendered":"https:\/\/hammampacha.com\/wpress\/?page_id=2668"},"modified":"2022-11-13T09:02:51","modified_gmt":"2022-11-13T08:02:51","slug":"information-covid-19","status":"publish","type":"page","link":"https:\/\/hammampacha.com\/wpress\/information-covid-19\/","title":{"rendered":"COVID-19"},"content":{"rendered":"\n\n\n<table class=\" aligncenter\">\n<tbody>\n<tr>\n<td style=\"width: 190.117px;\">&nbsp;<\/td>\n<td style=\"width: 190.117px;\">&nbsp;<\/td>\n<td style=\"width: 190.1px;\">&nbsp;<\/td>\n<\/tr>\n<tr>\n<td style=\"width: 190.117px;\">&nbsp;<\/td>\n<td style=\"width: 190.117px;\">&nbsp;<\/td>\n<td style=\"width: 190.1px;\">&nbsp;<\/td>\n<\/tr>\n<\/tbody>\n<\/table>\n<h1 style=\"text-align: center;\">INFORMATION COVID-19<\/h1>\n<h3 style=\"text-align: center;\">Ch\u00e8res clientes,<\/h3>\n<h2>Depuis le 14 mars 2022,<\/h2>\n<h2><strong><u>Le Passe vaccinal et le masque ne sont plus obligatoires au Hammam<br><\/u><\/strong><\/h2>\n<h2><strong><u>(Annonce de Jean castex du 03\/03\/2022)<\/u><\/strong><\/h2>\n<p style=\"text-align: center;\">&nbsp;<\/p>\n<p>&nbsp;<\/p>\n<p style=\"text-align: center;\">__________________________________________________________________<\/p>\n<h3>&nbsp;<\/h3>\n<p>&nbsp;<\/p>\n<h3 style=\"text-align: center;\">LES MESURES ANTICOVID PRISES PAR LE HAMMAM PACHA&nbsp; :<\/h3>\n<h4><a href=\"https:\/\/hammampacha.com\/videos\/Film-mesures-covid-hammam-pacha-locaux.MOV\" target=\"_blank\" rel=\"noopener noreferrer\">Vid\u00e9o de nos mesures anti covid g\u00e9n\u00e9rales&nbsp; <strong>ICI<\/strong><\/a><\/h4>\n<h4><a href=\"https:\/\/hammampacha.com\/videos\/Film-mesures-covid-hammam-pacha-restauration.MP4\" target=\"_blank\" rel=\"noopener noreferrer\">Vid\u00e9o de nos mesures anti covid &#8211; Restauration <strong>ICI<\/strong><\/a><\/h4>\n<h4><a href=\"https:\/\/hammampacha.com\/VIDEO-DECONFINEMENT-2020-06-17-16-47-27.mp4\" target=\"_blank\" rel=\"noopener noreferrer\">Vid\u00e9o de nos mesures anti Covid-19 r\u00e9ouverture <strong>ICI<\/strong><\/a><\/h4>\n<h4 style=\"text-align: center;\">&nbsp;<\/h4>\n\n\n<h3 style=\"text-align: center;\">&nbsp;<\/h3>\n<h3><em>En p\u00e9riode de crise COVID, beaucoup aimeraient reprendre des activit\u00e9s de d\u00e9tentes et de bien-\u00eatre, mais se posent des questions l\u00e9gitimes sur les risques de contamination.<\/em><\/h3>\n<h3><em>Durant le confinement, nous avons beaucoup r\u00e9fl\u00e9chi aux mesures \u00e0 prendre pour une r\u00e9ouverture de notre \u00e9tablissement dans des conditions de s\u00e9curit\u00e9 sanitaire maximales pour nos clientes et notre personnel. <\/em><\/h3>\n<h3><em>Depuis 33 ans, la propret\u00e9 et l\u2019hygi\u00e8ne ont toujours \u00e9t\u00e9 au c\u0153ur de nos pr\u00e9occupations quotidiennes, comme en t\u00e9moignent r\u00e9guli\u00e8rement nos clientes.<\/em><\/h3>\n<h3><em>C\u2019est pourquoi nous avons d\u00e9cid\u00e9 d\u2019aller bien au-del\u00e0 des pr\u00e9conisations actuelles en mati\u00e8re de s\u00e9curit\u00e9 sanitaires et qualit\u00e9 de votre environnement, afin de vous garantir qui\u00e9tude et s\u00e9r\u00e9nit\u00e9, telle que vous la connaissez dans notre \u00e9tablissement depuis toujours.<\/em><\/h3>\n<h3><em>Toute l\u2019\u00e9quipe du Hammam Pacha fait tout pour m\u00e9riter votre confiance<\/em><\/h3>\n<h3><strong><em><u>Mesures g\u00e9n\u00e9rales mises en place au Hammam Pacha<\/u><\/em><\/strong><\/h3>\n<ul>\n<li>\n<h3><strong><em>Mise \u00e0 disposition de gel hydroalcoolique<\/em><\/strong><em> d\u00e8s l\u2019entr\u00e9e et \u00e0 diff\u00e9rents endroits de notre \u00e9tablissement.<\/em><\/h3>\n<\/li>\n<li>\n<h3><strong><em>Augmentation de la fr\u00e9quence du nettoyage et de la d\u00e9sinfection <\/em><\/strong><em>des toilettes, vestiaires, poign\u00e9es de porte, machine CB, tablettes, cl\u00e9 de vestiaire etc.<\/em><\/h3>\n<\/li>\n<li>\n<h3><strong><em>Notre bassin a \u00e9t\u00e9 enti\u00e8rement vid\u00e9, puis d\u00e9sinfect\u00e9 et le contr\u00f4le de la qualit\u00e9 de l\u2019eau a \u00e9t\u00e9 renforc\u00e9 <\/em><\/strong><em>(le chlore \u00e9limine imm\u00e9diatement les virus).<\/em><\/h3>\n<\/li>\n<li>\n<h3><strong><em>Am\u00e9lioration de la qualit\u00e9 de l\u2019air renouvel\u00e9&nbsp;: <\/em><\/strong><em>Augmentation importante du renouvellement des filtres \u00e0 air (d\u00e9tail ci-dessous). <\/em><\/h3>\n<\/li>\n<li>\n<h3><strong><em>Installation d\u2019\u00e9crans de protection \u00e0 l\u2019accueil et \u00e0 la cuisine. <\/em><\/strong><\/h3>\n<\/li>\n<li>\n<h3><strong><em>Marquage au sol <\/em><\/strong><em>et sur les portes afin d\u2019assurer les mesures de distanciation<strong>.<\/strong><\/em><\/h3>\n<\/li>\n<li>\n<h3><strong><em>Sens unique de circulation <\/em><\/strong><em>dans toutes les parties communes de notre \u00e9tablissement<strong>. <\/strong><\/em><\/h3>\n<\/li>\n<\/ul>\n<h3><strong><em>&nbsp;<\/em><\/strong><\/h3>\n<h3><strong><em><u>Mesures sp\u00e9cifiques aux soins<\/u><\/em><\/strong><\/h3>\n<ul>\n<li>\n<h3><strong><em>R\u00e9vision g\u00e9n\u00e9rale du protocole de chaque soin <\/em><\/strong><em>(gommage, massage, \u00e9pilation enveloppement, soin du visage etc.) afin de suivre les pr\u00e9conisations de protection fix\u00e9es par les autorit\u00e9s comp\u00e9tentes pour les instituts de beaut\u00e9.<\/em><\/h3>\n<\/li>\n<li>\n<h3><strong><em>Nettoyage et d\u00e9sinfection des cabines apr\u00e8s chaque soin.<\/em><\/strong><\/h3>\n<\/li>\n<li>\n<h3><strong><em>Port du masque obligatoire <\/em><\/strong><em>\u00e0 l\u2019int\u00e9rieur de notre \u00e9tablissement&nbsp;: Les salari\u00e9es porteront une visi\u00e8re en plus du masque et des gants pour des t\u00e2ches sp\u00e9cifiques conform\u00e9ment aux pr\u00e9conisations d\u00e9volues aux instituts de beaut\u00e9.<\/em><\/h3>\n<\/li>\n<li>\n<h3><strong><em>Nettoyage et d\u00e9sinfection dans la salle de repos et dans la salle ti\u00e8de et du casier vestiaire apr\u00e8s le passage de chaque cliente.<\/em><\/strong><\/h3>\n<\/li>\n<\/ul>\n<h3><strong><em>&nbsp;<\/em><\/strong><\/h3>\n<h3><strong><em><u>Concernant la qualit\u00e9 de l\u2019air au Hammam PACHA<\/u><\/em><\/strong><\/h3>\n<h3><em>&nbsp;<\/em><\/h3>\n<h3><em>De l\u2019avis unanime du corps m\u00e9dical sp\u00e9cialis\u00e9, la bonne ventilation des lieux ferm\u00e9s limite grandement la propagation des microbes et virus en g\u00e9n\u00e9ral et de la Covid 19 en particulier.&nbsp; <\/em><\/h3>\n<h3><em>Contrairement aux autres \u00e9tablissements de m\u00eame type, <strong>le HAMMAM PACHA, est \u00e9quip\u00e9 depuis toujours d\u2019un syst\u00e8me tr\u00e8s performant de renouvellement d\u2019air<\/strong>, qui extrait l\u2019air vici\u00e9, et apporte de l\u2019air neuf, et ce bien au-del\u00e0 des exigences de la r\u00e9glementation en vigueur. <\/em><\/h3>\n<h3><em>Concernant le Covid-19, les autorit\u00e9s conseillent aux lieux accueillant du public de renouveler l\u2019air neuf, environ une fois par heure. Comme vous pourrez le constater sur le tableau ci-dessous, <strong>le renouvellement de l\u2019air \u00e0 l\u2019int\u00e9rieur du Hammam Pacha est de<\/strong> <strong>2,5 \u00e0 4.5 fois sup\u00e9rieurs<\/strong> aux pr\u00e9conisations officielles. En outre, l\u2019air neuf apport\u00e9 est filtr\u00e9 et il re\u00e7oit un traitement virucide.&nbsp;&nbsp; <\/em><\/h3>\n<h3><em>Toutes ces mesures protectrices ont \u00e9t\u00e9 \u00e9tablies et sont effectu\u00e9es sous le contr\u00f4le d\u2019un bureau d\u2019\u00e9tude sp\u00e9cialis\u00e9 en la mati\u00e8re.<\/em><\/h3>\n<h4><em>&nbsp;<img decoding=\"async\" src=\"https:\/\/hammampacha.com\/images\/renouvellement-air-hammam-p.jpg\" alt=\"\"><\/em><\/h4>\n<h4><strong><em>&nbsp;<\/em><\/strong><\/h4>\n<h3><strong><em>NETTOYAGE DES FILTRES POUR L\u2019AIR NEUF ET D\u00c9SINFECTION<\/em><\/strong><\/h3>\n<h3><em>Les autorit\u00e9s, attirent l\u2019attention des professionnels sur la n\u00e9cessit\u00e9 de bien nettoyer les filtres qui d\u00e9barrassent des impuret\u00e9s, l\u2019air neuf inject\u00e9 dans les locaux.<\/em><\/h3>\n<h3><em>En temps normal, il est pr\u00e9conis\u00e9 par les sp\u00e9cialistes 2 visites par an pour nettoyer, d\u00e9sinfecter ou changer les filtres \u00e0 air.&nbsp;&nbsp; <\/em><\/h3>\n<h3><em>Pour mieux vous prot\u00e9ger en cette p\u00e9riode de crise, le HAMMAM PACHA a d\u00e9cid\u00e9 de changer purement et simplement les filtres et de les asperger d\u2019un d\u00e9sinfectant sp\u00e9cifique aux installations de renouvellement d\u2019air, <strong>2 fois par mois au lieu de 2 par an<\/strong> (soit 12 fois plus qu\u2019avant).<\/em><\/h3>\n<h3><strong><em><u>Le Hammam Pacha n\u2019est donc pas un lieu confin\u00e9 gr\u00e2ce \u00e0 ce syst\u00e8me<\/u>.<\/em><\/strong><\/h3>\n<h3><em>Cette crise nous a rappel\u00e9 que la sant\u00e9 est notre bien le plus pr\u00e9cieux.<\/em><\/h3>\n<h3><em>L\u2019apaisement et le bien-\u00eatre ne sont possibles que dans un encadrement s\u00e9curis\u00e9.<\/em><\/h3>\n<h3><em>C\u2019est pour cela que nous avons pris des mesures optimales pour vous accueillir et vous chouchouter en toute tranquillit\u00e9.<\/em><\/h3>\n<h3><em>Nous vous attendons avec impatience\u2026<\/em><\/h3>\n<h3><em>L\u2019\u00e9quipe du Hammam Pacha<\/em><\/h3>\n<h3>&nbsp;<\/h3>\n\n\n<p>\u00a0<\/p>\n<h3>\u00a0<\/h3>\n<h3>La mis en place du pass sanitaire est effective \u00e0 compter du <u>21 juillet 2021<\/u><\/h3>\n<h3>Comme tous les lieux pouvant recevoir plus de 50 personnes, nous sommes dans l&#8217;obligation d&#8217;appliquer ces mesures :<\/h3>\n<h3>source mise \u00e0 jour le 23\/07\/2021 : https:\/\/www.gouvernement.fr\/info-coronavirus\/pass-sanitaire<\/h3>\n<h3>D\u00e9tail des mesures :<\/h3>\n<h3>Le \u00ab pass sanitaire \u00bb consiste en la pr\u00e9sentation, num\u00e9rique (via l&#8217;application TousAntiCovid) ou papier, d&#8217;une preuve sanitaire, parmi les trois suivantes :<br \/><br \/><strong>1. La vaccination, \u00e0 la condition que les personnes disposent d&#8217;un sch\u00e9ma vaccinal complet et du d\u00e9lai n\u00e9cessaire apr\u00e8s l\u2019injection finale<\/strong>, soit :<\/h3>\n<ul>\n<li>\n<h3>7 jours apr\u00e8s la 2e injection pour les vaccins \u00e0 double injection (Pfizer, Moderna, AstraZeneca).<\/h3>\n<\/li>\n<li>\n<h3>4 semaines apr\u00e8s l&#8217;injection pour les vaccins avec une seule injection (Johnson &amp; Johnson)<\/h3>\n<\/li>\n<li>\n<h3>7 jours apr\u00e8s l&#8217;injection pour les vaccins chez les personnes ayant eu un ant\u00e9c\u00e9dent de Covid (1 seule injection).<\/h3>\n<\/li>\n<\/ul>\n<h3><a class=\"atClass\" href=\"https:\/\/attestation-vaccin.ameli.fr\/\" data-smarttag-click=\"{&quot;name&quot;: &quot;https\/\/attestation-vaccin.ameli.fr\/&quot;, &quot;type&quot;: &quot;exit&quot;,&quot;chapter1&quot;:&quot;info_coronavirus_covid_19___\u00ab_pass_sanitaire_\u00bb&quot;}\" target=\"_blank\" rel=\"noopener\">R\u00e9cup\u00e9rer mon attestation de vaccination certifi\u00e9e<\/a><br \/><br \/>Depuis le 27 mai, toutes les personnes vaccin\u00e9es, peuvent r\u00e9cup\u00e9rer leur attestation de vaccination sur le t\u00e9l\u00e9service de l\u2019Assurance Maladie https:\/\/attestation-vaccin.ameli.fr . Par ailleurs, n\u2019importe quel professionnel de sant\u00e9 peut retrouver une attestation de vaccination et l\u2019imprimer si une personne le demande.<br \/>\u00a0<br \/>Une fois votre certificat de vaccination en main, il suffit de scanner le QR Code pour l\u2019importer et le stocker en local, dans votre t\u00e9l\u00e9phone, avec TousAntiCovid Carnet.<br \/><br \/><br \/><strong>2. La preuve d&#8217;un test n\u00e9gatif de moins de 48h pour le \u00ab pass sanitaire activit\u00e9s \u00bb pour l\u2019acc\u00e8s aux grands \u00e9v\u00e9nements concern\u00e9s et maximum 72h pour le contr\u00f4le sanitaire \u00ab voyages \u00bb.<\/strong><br \/>Tous les tests RT-PCR et antig\u00e9niques g\u00e9n\u00e8rent une preuve d\u00e8s la saisie du r\u00e9sultat par le professionnel de sant\u00e9 dans SI-DEP, qui peut \u00eatre imprim\u00e9e en direct et qui est \u00e9galement mise \u00e0 disposition du patient via un mail et un SMS pour aller la r\u00e9cup\u00e9rer sur le portail SI-DEP (<a class=\"atClass\" href=\"http:\/\/htpps:\/\/sidep.gouv.fr\" target=\"_blank\" rel=\"noopener noreferrer\" data-smarttag-click=\"{&quot;name&quot;: &quot;http\/\/htpps\/\/sidep.gouv.fr&quot;, &quot;type&quot;: &quot;exit&quot;,&quot;chapter1&quot;:&quot;info_coronavirus_covid_19___\u00ab_pass_sanitaire_\u00bb&quot;}\">htpps:\/\/sidep.gouv.fr<\/a>). Sur TousAntiCovid, l\u2019importation de la preuve dans l\u2019application est \u00e0 la main du patient. Il peut importer sa preuve :<\/h3>\n<ul>\n<li>\n<h3>\u00e0 partir du document en format papier ou PDF issu de SI-DEP et qui accompagne le r\u00e9sultat du test, en scannant le QR Code situ\u00e9 \u00e0 gauche sur le document ;<\/h3>\n<\/li>\n<li>\n<h3>en cliquant sur le lien dans le portail SI-DEP, qui permet d&#8217;importer directement le r\u00e9sultat du test dans TousAntiCovid Carnet.<\/h3>\n<\/li>\n<\/ul>\n<h3>Les d\u00e9lais en vigueur pour la validit\u00e9 des tests (48h ou 72h selon les cas) sont stricts au moment de l&#8217;entr\u00e9e sur le site de l&#8217;\u00e9v\u00e8nement ou de l\u2019embarquement (pas de flexibilit\u00e9 \u00e0 2 ou 3 jours).<br \/>\u00a0<br \/><strong>3. Le r\u00e9sultat d&#8217;un test RT-PCR positif attestant du r\u00e9tablissement de la Covid-19, datant d&#8217;au moins 11 jours et de moins de 6 mois.<\/strong><br \/>Les tests positifs RT-PCR de plus de 11 jours et moins de 6 mois (pris en compte \u00e0 date) permettent d\u2019indiquer un risque limit\u00e9 de r\u00e9infection \u00e0 la Covid-19. Le processus pour r\u00e9cup\u00e9rer sa preuve de test positif, appel\u00e9e \u00e9galement preuve de \u00ab r\u00e9tablissement \u00bb, est le m\u00eame que pour les tests n\u00e9gatifs via SI-DEP.<\/h3>\n<p><img decoding=\"async\" src=\"https:\/\/hammampacha.com\/wpress\/wp-content\/uploads\/ForfaitMerci-1.jpg\" alt=\"COVID-19 - Forfait Merci r\u00e9serv\u00e9 au personnel soignant \" \/><\/p>\n<h4>\u00a0<\/h4>\n","protected":false},"excerpt":{"rendered":"<p>&nbsp; &nbsp; &nbsp; &nbsp; &nbsp; &nbsp; INFORMATION COVID-19 Ch\u00e8res clientes, Depuis le 14 mars 2022, Le Passe vaccinal et le masque ne sont plus obligatoires au Hammam (Annonce de Jean castex du 03\/03\/2022) &nbsp; &nbsp; __________________________________________________________________ &nbsp; &nbsp; LES MESURES ANTICOVID PRISES PAR LE HAMMAM PACHA&nbsp; : Vid\u00e9o de nos mesures anti covid g\u00e9n\u00e9rales&nbsp; ICI<\/p>\n","protected":false},"author":2,"featured_media":0,"parent":0,"menu_order":0,"comment_status":"open","ping_status":"closed","template":"","meta":{"footnotes":""},"class_list":["post-2668","page","type-page","status-publish","hentry"],"acf":[],"_links":{"self":[{"href":"https:\/\/hammampacha.com\/wpress\/wp-json\/wp\/v2\/pages\/2668","targetHints":{"allow":["GET"]}}],"collection":[{"href":"https:\/\/hammampacha.com\/wpress\/wp-json\/wp\/v2\/pages"}],"about":[{"href":"https:\/\/hammampacha.com\/wpress\/wp-json\/wp\/v2\/types\/page"}],"author":[{"embeddable":true,"href":"https:\/\/hammampacha.com\/wpress\/wp-json\/wp\/v2\/users\/2"}],"replies":[{"embeddable":true,"href":"https:\/\/hammampacha.com\/wpress\/wp-json\/wp\/v2\/comments?post=2668"}],"version-history":[{"count":2,"href":"https:\/\/hammampacha.com\/wpress\/wp-json\/wp\/v2\/pages\/2668\/revisions"}],"predecessor-version":[{"id":3601,"href":"https:\/\/hammampacha.com\/wpress\/wp-json\/wp\/v2\/pages\/2668\/revisions\/3601"}],"wp:attachment":[{"href":"https:\/\/hammampacha.com\/wpress\/wp-json\/wp\/v2\/media?parent=2668"}],"curies":[{"name":"wp","href":"https:\/\/api.w.org\/{rel}","templated":true}]}}