{"id":2972,"date":"2021-11-26T15:59:13","date_gmt":"2021-11-26T14:59:13","guid":{"rendered":"https:\/\/hammampacha.com\/wpress\/?page_id=2972"},"modified":"2024-11-23T17:21:25","modified_gmt":"2024-11-23T16:21:25","slug":"boutique-en-ligne","status":"publish","type":"page","link":"https:\/\/hammampacha.com\/wpress\/boutique-en-ligne\/","title":{"rendered":"<br>CADEAU POUR FEMME en 1 minute"},"content":{"rendered":"<table style=\"width: 103.182%; height: 150px;\" width=\"670\">\r\n<tbody>\r\n<tr>\r\n<td style=\"width: 10px;\" colspan=\"1\" width=\"837\">\r\n<h2 style=\"text-align: center;\">Cadeau pour femme<\/h2>\r\n<h2 style=\"text-align: center;\"><strong>Achetez vos cadeaux en 1 minute sur notre boutique en ligne <\/strong><\/h2>\r\n<h2 style=\"text-align: center;\"><strong>et t\u00e9l\u00e9chargez les imm\u00e9diatement<br \/><\/strong><\/h2>\r\n<h3 style=\"text-align: center;\">&#8220;Beau, simple et pr\u00eat \u00e0 offrir&#8221;<\/h3>\r\n<h3 style=\"text-align: center;\">Les forfaits sont g\u00e9n\u00e9ralement compos\u00e9s d&#8217;une entr\u00e9e, de soins, de produits beaut\u00e9,\u00a0\u00a0<\/h3>\r\n<h3 style=\"text-align: center;\">et pour certains d&#8217;un repas, \u00e0 un tarif plus avantageux que les soins \u00e0 la carte,<\/h3>\r\n<h3 style=\"text-align: center;\">Les forfaits ne sont pas nominatifs et sont utilisables sans rendez-vous durant toute leur dur\u00e9e de validit\u00e9<\/h3>\r\n<h3 style=\"text-align: center;\">Pour vous aider \u00e0 choisir votre forfait :<\/h3>\r\n<h3 style=\"text-align: center;\">Cliquer ici : <a href=\"https:\/\/hammampacha.com\/wpress\/comparatif-de-prix-2\"><span style=\"color: #993366;\">Comparer nos forfaits<\/span> <\/a><\/h3>\r\n<\/td>\r\n<\/tr>\r\n<\/tbody>\r\n<\/table>\r\n<table style=\"border-collapse: collapse; width: 100%; height: 10px;\">\r\n<tbody>\r\n<tr style=\"height: 23px;\">\r\n<td style=\"width: 50%; height: 23px; text-align: center;\">\r\n<h3><strong>NOS FORFAITS<\/strong><\/h3>\r\n<\/td>\r\n<td style=\"width: 50%; height: 23px; text-align: center;\">\r\n<h3><strong>NOS PROMOS<\/strong><\/h3>\r\n<\/td>\r\n<\/tr>\r\n<tr style=\"height: 23px;\">\r\n<td style=\"width: 50%; height: 23px; text-align: center;\"><a href=\"https:\/\/hammampacha.com\/shop\/categorie-produit\/nos-forfaits\/\"><img decoding=\"async\" src=\"https:\/\/hammampacha.com\/images\/salle-tiede2-500.jpg\" alt=\"Salle ti\u00e8de Hammam Pacha\" \/><\/a><\/td>\r\n<td style=\"width: 50%; height: 23px; text-align: center;\">\r\n<p><a href=\"https:\/\/hammampacha.com\/shop\/categorie-produit\/promotion\/\"><img fetchpriority=\"high\" decoding=\"async\" class=\"alignnone\" src=\"https:\/\/hammampacha.com\/images\/vapeur500.jpg\" alt=\"Salle de vapeur Hammam Pacha - temp\u00e9rature constante \u00e0 45\u00b0 - Huile essentielle d'eucalyptus\" width=\"500\" height=\"500\" \/><\/a><\/p>\r\n<\/td>\r\n<\/tr>\r\n<tr style=\"height: 23px;\">\r\n<td style=\"width: 50%; height: 120px; vertical-align: bottom; text-align: center;\">\r\n<h4>\u00a0<\/h4>\r\n<h3><strong>SOINS A LA CARTE \/ EPILATIONS<\/strong><\/h3>\r\n<\/td>\r\n<td style=\"width: 50%; height: 120px; vertical-align: bottom; text-align: center;\">\r\n<h4>\u00a0<\/h4>\r\n<h3><strong>RESTAURANT \/ TRAITEUR<\/strong><\/h3>\r\n<\/td>\r\n<\/tr>\r\n<tr style=\"height: 23px;\">\r\n<td style=\"width: 50%; height: 23px; text-align: center;\"><a href=\"https:\/\/hammampacha.com\/shop\/categorie-produit\/nos-soins\/\"><img decoding=\"async\" src=\"https:\/\/hammampacha.com\/images\/repos-2-500.jpg\" alt=\"Salle de repos Hammam Pacha\" \/><\/a><\/td>\r\n<td style=\"width: 50%; height: 23px; text-align: center;\">\r\n<div style=\"width: 510px\" class=\"wp-caption alignnone\"><a href=\"https:\/\/hammampacha.com\/wpress\/restauration\/\"><img decoding=\"async\" src=\"https:\/\/hammampacha.com\/images\/douche500.jpg\" alt=\"Douches Hammam Pacha\" width=\"500\" height=\"500\" \/><\/a><p class=\"wp-caption-text\">Venez gouter nos tajines et p\u00e2tisseries maison<\/p><\/div>\r\n<\/td>\r\n<\/tr>\r\n<tr style=\"height: 23px;\">\r\n<td style=\"width: 50%; height: 120px; vertical-align: bottom; text-align: center;\">\r\n<h4>\u00a0<\/h4>\r\n<h3><strong>CHEQUES CADEAUX<\/strong><\/h3>\r\n<\/td>\r\n<td style=\"width: 50%; height: 120px; vertical-align: bottom; text-align: center;\">\r\n<h4>\u00a0<\/h4>\r\n<h3><strong>ABONNEMENTS<\/strong><\/h3>\r\n<\/td>\r\n<\/tr>\r\n<tr style=\"height: 23px;\">\r\n<td style=\"width: 50%; height: 23px; text-align: center;\"><a href=\"https:\/\/hammampacha.com\/shop\/categorie-produit\/cheques-cadeaux\/\"><img decoding=\"async\" class=\"alignnone\" src=\"https:\/\/hammampacha.com\/images\/restaurant500.jpg\" alt=\"le ch\u00e8que cadeau : cadeau pour femme original et toujours appr\u00e9ci\u00e9 \" width=\"500\" height=\"500\" \/><\/a><\/td>\r\n<td style=\"width: 50%; height: 23px; text-align: center;\"><a href=\"https:\/\/hammampacha.com\/shop\/categorie-produit\/nos-abonnements\/\"><img decoding=\"async\" src=\"https:\/\/hammampacha.com\/images\/vestiaire500.jpg\" alt=\"vestiaires Hammma Pacha\" \/><\/a><\/td>\r\n<\/tr>\r\n<\/tbody>\r\n<\/table>\r\n\r\n<p style=\"text-align: center;\"><span style=\"color: #800080;\"><a style=\"color: #800080;\" href=\"https:\/\/hammampacha.com\/wpress\/conditions\/\">Conditions de vente et confidentialit\u00e9 ICI<\/a><\/span><\/p>\r\n","protected":false},"excerpt":{"rendered":"<p>Cadeau pour femme Achetez vos cadeaux en 1 minute sur notre boutique en ligne et t\u00e9l\u00e9chargez les imm\u00e9diatement &#8220;Beau, simple et pr\u00eat \u00e0 offrir&#8221; Les forfaits sont g\u00e9n\u00e9ralement compos\u00e9s d&#8217;une entr\u00e9e, de soins, de produits beaut\u00e9,\u00a0\u00a0 et pour certains d&#8217;un repas, \u00e0 un tarif plus avantageux que les soins \u00e0 la carte, Les forfaits ne<\/p>\n","protected":false},"author":2,"featured_media":0,"parent":0,"menu_order":0,"comment_status":"closed","ping_status":"closed","template":"","meta":{"footnotes":""},"class_list":["post-2972","page","type-page","status-publish","hentry"],"acf":[],"_links":{"self":[{"href":"https:\/\/hammampacha.com\/wpress\/wp-json\/wp\/v2\/pages\/2972","targetHints":{"allow":["GET"]}}],"collection":[{"href":"https:\/\/hammampacha.com\/wpress\/wp-json\/wp\/v2\/pages"}],"about":[{"href":"https:\/\/hammampacha.com\/wpress\/wp-json\/wp\/v2\/types\/page"}],"author":[{"embeddable":true,"href":"https:\/\/hammampacha.com\/wpress\/wp-json\/wp\/v2\/users\/2"}],"replies":[{"embeddable":true,"href":"https:\/\/hammampacha.com\/wpress\/wp-json\/wp\/v2\/comments?post=2972"}],"version-history":[{"count":3,"href":"https:\/\/hammampacha.com\/wpress\/wp-json\/wp\/v2\/pages\/2972\/revisions"}],"predecessor-version":[{"id":4567,"href":"https:\/\/hammampacha.com\/wpress\/wp-json\/wp\/v2\/pages\/2972\/revisions\/4567"}],"wp:attachment":[{"href":"https:\/\/hammampacha.com\/wpress\/wp-json\/wp\/v2\/media?parent=2972"}],"curies":[{"name":"wp","href":"https:\/\/api.w.org\/{rel}","templated":true}]}}