{"id":2979,"date":"2021-11-26T16:38:30","date_gmt":"2021-11-26T15:38:30","guid":{"rendered":"https:\/\/hammampacha.com\/wpress\/?page_id=2979"},"modified":"2024-10-10T11:47:01","modified_gmt":"2024-10-10T10:47:01","slug":"evenementiel-2","status":"publish","type":"page","link":"https:\/\/hammampacha.com\/wpress\/evenementiel-2\/","title":{"rendered":"<br>EVENEMENTIEL"},"content":{"rendered":"<table style=\"width: 103.182%; height: 30px;\" width=\"670\">\r\n<tbody>\r\n<tr>\r\n<td style=\"width: 1.67224%;\" colspan=\"8\" width=\"711\">\r\n<h2 style=\"text-align: center;\"><strong>La r\u00e9f\u00e9rence des hammams depuis plus de 36 ans !<\/strong><\/h2>\r\n<h3 style=\"text-align: center;\">Demandez nos offres exceptionnelles r\u00e9serv\u00e9es aux CE et aux groupes<\/h3>\r\n<h3 style=\"text-align: center;\">De grandes entreprises font profiter leurs salari\u00e9es de nos services depuis plus de 20 ans !<\/h3>\r\n<h3 style=\"text-align: center;\">Depuis le 1er volet de &#8220;La v\u00e9rit\u00e9 si je mens&#8221; plusieurs tournages de films et de clips se sont d\u00e9roul\u00e9s au Hammam Pacha, ainsi que des shootings photos, Les Enterrements de vie de jeune fille (EVJF), les anniversaires et f\u00eates inoubliables.<\/h3>\r\n<\/td>\r\n<\/tr>\r\n<tr>\r\n<td style=\"width: 1.67224%;\" colspan=\"8\">\u00a0<\/td>\r\n<\/tr>\r\n<\/tbody>\r\n<\/table>\r\n<table style=\"border-collapse: collapse; width: 100%; height: 92px;\">\r\n<tbody>\r\n<tr style=\"height: 23px;\">\r\n<td style=\"width: 50%; height: 120px; vertical-align: bottom; text-align: center;\">\r\n<h3><strong>EVJF, ANNIVERSAIRES, FETES<\/strong><\/h3>\r\n<\/td>\r\n<td style=\"width: 50%; height: 120px; vertical-align: bottom; text-align: center;\">\r\n<h3><strong>COMITE D&#8217;ENTREPRISE<br \/><\/strong><\/h3>\r\n<\/td>\r\n<\/tr>\r\n<tr style=\"height: 23px;\">\r\n<td style=\"width: 50%; height: 23px; text-align: center;\"><a href=\"https:\/\/hammampacha.com\/wpress\/fetes-anniversaires-enterrements-de-vie-de-jeune-fille\/\"><img decoding=\"async\" src=\"https:\/\/hammampacha.com\/images\/repos500.jpg\" alt=\"\" \/><\/a><\/td>\r\n<td style=\"width: 50%; height: 23px; text-align: center;\"><a href=\"https:\/\/hammampacha.com\/wpress\/ce-et-tours-operateurs\/\"><img decoding=\"async\" src=\"https:\/\/hammampacha.com\/images\/vapeur500.jpg\" alt=\"\" \/><\/a><\/td>\r\n<\/tr>\r\n<tr style=\"height: 23px;\">\r\n<td style=\"width: 50%; height: 120px; vertical-align: bottom; text-align: center;\">\r\n<h3><strong>CADEAUX D&#8217;ENTREPRISE<\/strong><\/h3>\r\n<\/td>\r\n<td style=\"width: 50%; height: 120px; vertical-align: bottom; text-align: center;\">\r\n<h3><strong>PRIVATISATION<\/strong><\/h3>\r\n<\/td>\r\n<\/tr>\r\n<tr style=\"height: 23px;\">\r\n<td style=\"width: 50%; height: 23px; text-align: center;\"><a href=\"https:\/\/hammampacha.com\/wpress\/cadeau-entreprise\/\"><img decoding=\"async\" src=\"https:\/\/hammampacha.com\/images\/remous500.jpg\" alt=\"\" \/><\/a><\/td>\r\n<td style=\"width: 50%; height: 23px; text-align: center;\"><a href=\"https:\/\/hammampacha.com\/wpress\/privatisation\/\"><img fetchpriority=\"high\" decoding=\"async\" class=\"\" src=\"https:\/\/hammampacha.com\/images\/restaurant-500.jpg\" alt=\"\" width=\"321\" height=\"273\" \/><\/a><\/td>\r\n<\/tr>\r\n<\/tbody>\r\n<\/table>\r\n","protected":false},"excerpt":{"rendered":"<p>La r\u00e9f\u00e9rence des hammams depuis plus de 36 ans ! Demandez nos offres exceptionnelles r\u00e9serv\u00e9es aux CE et aux groupes De grandes entreprises font profiter leurs salari\u00e9es de nos services depuis plus de 20 ans ! Depuis le 1er volet de &#8220;La v\u00e9rit\u00e9 si je mens&#8221; plusieurs tournages de films et de clips se sont<\/p>\n","protected":false},"author":2,"featured_media":0,"parent":0,"menu_order":0,"comment_status":"closed","ping_status":"closed","template":"elementor_canvas","meta":{"footnotes":""},"class_list":["post-2979","page","type-page","status-publish","hentry"],"acf":[],"_links":{"self":[{"href":"https:\/\/hammampacha.com\/wpress\/wp-json\/wp\/v2\/pages\/2979","targetHints":{"allow":["GET"]}}],"collection":[{"href":"https:\/\/hammampacha.com\/wpress\/wp-json\/wp\/v2\/pages"}],"about":[{"href":"https:\/\/hammampacha.com\/wpress\/wp-json\/wp\/v2\/types\/page"}],"author":[{"embeddable":true,"href":"https:\/\/hammampacha.com\/wpress\/wp-json\/wp\/v2\/users\/2"}],"replies":[{"embeddable":true,"href":"https:\/\/hammampacha.com\/wpress\/wp-json\/wp\/v2\/comments?post=2979"}],"version-history":[{"count":3,"href":"https:\/\/hammampacha.com\/wpress\/wp-json\/wp\/v2\/pages\/2979\/revisions"}],"predecessor-version":[{"id":4501,"href":"https:\/\/hammampacha.com\/wpress\/wp-json\/wp\/v2\/pages\/2979\/revisions\/4501"}],"wp:attachment":[{"href":"https:\/\/hammampacha.com\/wpress\/wp-json\/wp\/v2\/media?parent=2979"}],"curies":[{"name":"wp","href":"https:\/\/api.w.org\/{rel}","templated":true}]}}