{"id":3240,"date":"2022-12-03T14:54:50","date_gmt":"2022-12-03T13:54:50","guid":{"rendered":"https:\/\/hammampacha.com\/wpress\/?page_id=3240"},"modified":"2023-12-24T07:06:00","modified_gmt":"2023-12-24T06:06:00","slug":"nos-massages-et-soins-a-la-carte","status":"publish","type":"page","link":"https:\/\/hammampacha.com\/wpress\/nos-massages-et-soins-a-la-carte\/","title":{"rendered":"Nos massages et soins \u00e0 la carte"},"content":{"rendered":"\r\n<p>&nbsp;<\/p>\r\n\r\n\r\n\r\n<p>&nbsp;<\/p>\r\n\r\n\r\n<!--\/Section -->\r\n<h1 id=\"tw-target-text\" class=\"tw-data-text tw-text-large tw-ta\" dir=\"ltr\" style=\"text-align: center;\" data-placeholder=\"Traduction\"><span style=\"text-decoration: underline;\"><span class=\"Y2IQFc\" lang=\"es\">D\u00e9couvrez nos soins \u00e0 la carte<br \/><\/span><\/span><\/h1>\r\n<h3 style=\"text-align: center;\">Ces soins n\u00e9cessitent une entr\u00e9e ou un forfait pour \u00eatre utilis\u00e9s au Hammam Pacha. Ils sont valables 1 an et non nominatif<\/h3>\r\n<!--\/Section -->\r\n<p style=\"text-align: center;\">\u00a0<\/p>\r\n<div class=\"images\" style=\"text-align: center;\">\r\n<div class=\"image\"><a href=\"https:\/\/hammampacha.com\/shop\/produit\/gommage-du-corps\/?lang=fr\"><img decoding=\"async\" src=\"https:\/\/hammampacha.com\/wpress\/wp-content\/uploads\/img-FR\/Gommage-du-corps.jpg\" alt=\"Gommage du corps Hammam Pacha\" \/><\/a> \u00a0 \u00a0 \u00a0\u00a0 <a href=\"https:\/\/hammampacha.com\/shop\/produit\/massage-corps-15mn\/?lang=fr\"><img decoding=\"async\" src=\"https:\/\/hammampacha.com\/wpress\/wp-content\/uploads\/img-FR\/Massage-du-corps-de-15minutes.jpg\" alt=\"Massage du corps de 15 minutes aux huiles Hammam Pacha\" \/>\u00a0\u00a0\u00a0\u00a0\u00a0\u00a0\u00a0<\/a> <a href=\"https:\/\/hammampacha.com\/shop\/produit\/massage-plantaire-15mn\/?lang=fr\"><img decoding=\"async\" src=\"https:\/\/hammampacha.com\/wpress\/wp-content\/uploads\/img-FR\/Massage-plantaire-de-15minutes.jpg\" alt=\"\" \/><\/a><\/div>\r\n<div>\u00a0<\/div>\r\n<\/div>\r\n<div>\u00a0<\/div>\r\n<section id=\"we-are-newave\" class=\"content\">\r\n<div class=\"images\" style=\"text-align: center;\">\r\n<div class=\"image\"><a href=\"https:\/\/hammampacha.com\/shop\/produit\/enveloppement-argile-douce-avec-savonnage-a-la-fleur-oranger\/?lang=fr\"><img decoding=\"async\" src=\"https:\/\/hammampacha.com\/wpress\/wp-content\/uploads\/img-FR\/Envelopppement-d'argile-douce-avec-savonnage-\u00e0-la-fleur-d'oranger.jpg\" \/><\/a> \u00a0\u00a0 \u00a0\u00a0 <a href=\"https:\/\/hammampacha.com\/shop\/produit\/masque-de-beaute-et-massage-du-visage\/?lang=fr\"><img decoding=\"async\" src=\"https:\/\/hammampacha.com\/wpress\/wp-content\/uploads\/img-FR\/Massage-de-beaut\u00e9-et-massage-du-visage.jpg\" \/><\/a> \u00a0\u00a0 \u00a0\u00a0 \u00a0<a href=\"https:\/\/hammampacha.com\/shop\/produit\/massage-corps-aux-huiles-chaudes-15mn\/?lang=fr\"><img decoding=\"async\" src=\"https:\/\/hammampacha.com\/wpress\/wp-content\/uploads\/img-FR\/Massage-du-corps-de-15min-aux-huiles-chaudes.jpg\" alt=\"Massage du corps 15 minutes aux huiles chaudes Hammam Pacha\" \/><\/a><\/div>\r\n<div>\u00a0<\/div>\r\n<div>\u00a0<\/div>\r\n<div class=\"image\"><a href=\"https:\/\/hammampacha.com\/shop\/produit\/enveloppement-aux-algues-savonnage-a-la-fleur-doranger\/?lang=fr\"><img decoding=\"async\" src=\"https:\/\/hammampacha.com\/wpress\/wp-content\/uploads\/img-FR\/Envelopppement-aux-algues-avec-savonnage-\u00e0-la-fleur-d'oranger.jpg\" alt=\"Enveloppement aux algues avec savonnage \u00e0 la fleur d'oranger\" \/><\/a> \u00a0\u00a0 \u00a0\u00a0 \u00a0<a href=\"https:\/\/hammampacha.com\/shop\/produit\/massage-aux-galets-chauds-20-mn\/?lang=fr\"><img fetchpriority=\"high\" decoding=\"async\" src=\"https:\/\/hammampacha.com\/wpress\/wp-content\/uploads\/img-FR\/Massage-aux-galets-chauds-20min.jpg\" alt=\"\" width=\"324\" height=\"324\" \/>\u00a0\u00a0\u00a0\u00a0\u00a0\u00a0\u00a0\u00a0<\/a> <a href=\"https:\/\/hammampacha.com\/shop\/produit\/massage-corps-30-mn\/?lang=fr\"><img decoding=\"async\" src=\"https:\/\/hammampacha.com\/wpress\/wp-content\/uploads\/img-FR\/Massage-du-corps-de-30min.jpg\" alt=\"Massage du corps aux huiles 30 minutes Hammam Pacha\" \/><\/a><\/div>\r\n<div>\u00a0<\/div>\r\n<div>\u00a0<\/div>\r\n<div class=\"image\"><a href=\"https:\/\/hammampacha.com\/shop\/produit\/massage-corps-aux-huiles-chaudes-30-mn\/?lang=fr\"><img decoding=\"async\" src=\"https:\/\/hammampacha.com\/wpress\/wp-content\/uploads\/img-FR\/Massage-du-corps-de-30min-aux-huiles-chaudes.jpg\" alt=\"Massage du corps aux huiles chaudes 30 minutes Hammam Pacha\" \/><\/a> \u00a0\u00a0 \u00a0\u00a0 \u00a0<a href=\"https:\/\/hammampacha.com\/shop\/produit\/massage-corps-45mn\/?lang=fr\"><img decoding=\"async\" src=\"https:\/\/hammampacha.com\/wpress\/wp-content\/uploads\/img-FR\/Massage-du-corps-de-45min.jpg\" alt=\"Massage du corps aux huiles 45 minutes Hammam Pacha\" width=\"324\" height=\"324\" \/>\u00a0\u00a0\u00a0\u00a0\u00a0\u00a0\u00a0\u00a0<\/a> <a href=\"https:\/\/hammampacha.com\/shop\/produit\/massage-corps-1-heure\/?lang=fr\"><img decoding=\"async\" src=\"https:\/\/hammampacha.com\/wpress\/wp-content\/uploads\/img-FR\/Massage-du-corps-de-1heure.jpg\" alt=\"Massage du corps aux huiles 1 heure Hammam Pacha\" \/><\/a><\/div>\r\n<div>\u00a0<\/div>\r\n<div>\u00a0<\/div>\r\n<div class=\"image\"><a href=\"https:\/\/hammampacha.com\/shop\/produit\/massage-a-4-mains-30-mn\/?lang=fr\"><img decoding=\"async\" src=\"https:\/\/hammampacha.com\/wpress\/wp-content\/uploads\/img-FR\/Massage-\u00e0-4mains-30minutes.jpg\" alt=\"Massage \u00e0 4 mains 30 minutes Hammam Pacha\" \/><\/a><\/div>\r\n<\/div>\r\n<\/section>\r\n\r\n\r\n\r\n<p>&nbsp;<\/p>\r\n","protected":false},"excerpt":{"rendered":"<p>&nbsp; &nbsp; D\u00e9couvrez nos soins \u00e0 la carte Ces soins n\u00e9cessitent une entr\u00e9e ou un forfait pour \u00eatre utilis\u00e9s au Hammam Pacha. Ils sont valables 1 an et non nominatif \u00a0 \u00a0 \u00a0 \u00a0\u00a0 \u00a0\u00a0\u00a0\u00a0\u00a0\u00a0\u00a0 \u00a0 \u00a0 \u00a0\u00a0 \u00a0\u00a0 \u00a0\u00a0 \u00a0\u00a0 \u00a0 \u00a0 \u00a0 \u00a0\u00a0 \u00a0\u00a0 \u00a0\u00a0\u00a0\u00a0\u00a0\u00a0\u00a0\u00a0\u00a0 \u00a0 \u00a0 \u00a0\u00a0 \u00a0\u00a0 \u00a0\u00a0\u00a0\u00a0\u00a0\u00a0\u00a0\u00a0\u00a0 \u00a0 \u00a0 &nbsp;<\/p>\n","protected":false},"author":2,"featured_media":0,"parent":0,"menu_order":0,"comment_status":"closed","ping_status":"closed","template":"","meta":{"footnotes":""},"class_list":["post-3240","page","type-page","status-publish","hentry"],"acf":[],"_links":{"self":[{"href":"https:\/\/hammampacha.com\/wpress\/wp-json\/wp\/v2\/pages\/3240","targetHints":{"allow":["GET"]}}],"collection":[{"href":"https:\/\/hammampacha.com\/wpress\/wp-json\/wp\/v2\/pages"}],"about":[{"href":"https:\/\/hammampacha.com\/wpress\/wp-json\/wp\/v2\/types\/page"}],"author":[{"embeddable":true,"href":"https:\/\/hammampacha.com\/wpress\/wp-json\/wp\/v2\/users\/2"}],"replies":[{"embeddable":true,"href":"https:\/\/hammampacha.com\/wpress\/wp-json\/wp\/v2\/comments?post=3240"}],"version-history":[{"count":3,"href":"https:\/\/hammampacha.com\/wpress\/wp-json\/wp\/v2\/pages\/3240\/revisions"}],"predecessor-version":[{"id":3821,"href":"https:\/\/hammampacha.com\/wpress\/wp-json\/wp\/v2\/pages\/3240\/revisions\/3821"}],"wp:attachment":[{"href":"https:\/\/hammampacha.com\/wpress\/wp-json\/wp\/v2\/media?parent=3240"}],"curies":[{"name":"wp","href":"https:\/\/api.w.org\/{rel}","templated":true}]}}