{"id":429,"date":"2015-08-11T20:13:16","date_gmt":"2015-08-11T19:13:16","guid":{"rendered":"https:\/\/hammampacha.com\/wpress\/?page_id=429"},"modified":"2022-11-30T08:53:51","modified_gmt":"2022-11-30T07:53:51","slug":"nos-rituels","status":"publish","type":"page","link":"https:\/\/hammampacha.com\/wpress\/nos-rituels\/","title":{"rendered":"Hammam Pacha &#8211; Nos rituels"},"content":{"rendered":"\n<p>Hammam Pacha Paris- nos rituels &#8211; d\u00e9couvrez ici comment se d\u00e9roulera votre Hammam \u00e9tape par \u00e9tape<\/p>\n\n\n<p>\u00a0<\/p>\n<p style=\"text-align: center;\"><div aria-live=\"polite\" id=\"soliloquy-container-431_1\" class=\"soliloquy-container soliloquy-transition-fade  soliloquy-theme-base\" style=\"max-width:1900px;max-height:880px;\"><ul id=\"soliloquy-431_1\" class=\"soliloquy-slider soliloquy-slides soliloquy-wrap soliloquy-clear\"><li aria-hidden=\"true\" class=\"soliloquy-item soliloquy-item-1 soliloquy-image-slide\" draggable=\"false\" style=\"list-style:none\"><img decoding=\"async\" id=\"soliloquy-image-1404\" class=\"soliloquy-image soliloquy-image-1\" src=\"https:\/\/hammampacha.com\/wpress\/wp-content\/uploads\/slide_rituel_1-1900x880_c.jpg\" alt=\"slide_rituel_1\" \/><\/li><li aria-hidden=\"true\" class=\"soliloquy-item soliloquy-item-2 soliloquy-image-slide\" draggable=\"false\" style=\"list-style:none\"><img decoding=\"async\" id=\"soliloquy-image-1405\" class=\"soliloquy-image soliloquy-image-2\" src=\"https:\/\/hammampacha.com\/wpress\/wp-content\/uploads\/slide_rituel_2-1900x880_c.jpg\" alt=\"slide_rituel_2\" \/><\/li><li aria-hidden=\"true\" class=\"soliloquy-item soliloquy-item-3 soliloquy-image-slide\" draggable=\"false\" style=\"list-style:none\"><img decoding=\"async\" id=\"soliloquy-image-1406\" class=\"soliloquy-image soliloquy-image-3\" src=\"https:\/\/hammampacha.com\/wpress\/wp-content\/uploads\/slide_rituel_3-1900x880_c.jpg\" alt=\"slide_rituel_3\" \/><\/li><li aria-hidden=\"true\" class=\"soliloquy-item soliloquy-item-4 soliloquy-image-slide\" draggable=\"false\" style=\"list-style:none\"><img decoding=\"async\" id=\"soliloquy-image-1407\" class=\"soliloquy-image soliloquy-image-4\" src=\"https:\/\/hammampacha.com\/wpress\/wp-content\/uploads\/slide_rituel_4-1900x880_c.jpg\" alt=\"slide_rituel_4\" \/><\/li><li aria-hidden=\"true\" class=\"soliloquy-item soliloquy-item-5 soliloquy-image-slide\" draggable=\"false\" style=\"list-style:none\"><img decoding=\"async\" id=\"soliloquy-image-1408\" class=\"soliloquy-image soliloquy-image-5\" src=\"https:\/\/hammampacha.com\/wpress\/wp-content\/uploads\/slide_rituel_5-1900x880_c.jpg\" alt=\"slide_rituel_5\" \/><\/li><\/ul><\/div><noscript><style type=\"text\/css\">#soliloquy-container-431_1{opacity:1}<\/style><\/noscript><\/p>\n<p>\u00a0<\/p>","protected":false},"excerpt":{"rendered":"<p>Hammam Pacha Paris- nos rituels &#8211; d\u00e9couvrez ici comment se d\u00e9roulera votre Hammam \u00e9tape par \u00e9tape \u00a0 \u00a0<\/p>\n","protected":false},"author":2,"featured_media":0,"parent":0,"menu_order":0,"comment_status":"open","ping_status":"closed","template":"","meta":{"footnotes":""},"class_list":["post-429","page","type-page","status-publish","hentry"],"acf":[],"_links":{"self":[{"href":"https:\/\/hammampacha.com\/wpress\/wp-json\/wp\/v2\/pages\/429","targetHints":{"allow":["GET"]}}],"collection":[{"href":"https:\/\/hammampacha.com\/wpress\/wp-json\/wp\/v2\/pages"}],"about":[{"href":"https:\/\/hammampacha.com\/wpress\/wp-json\/wp\/v2\/types\/page"}],"author":[{"embeddable":true,"href":"https:\/\/hammampacha.com\/wpress\/wp-json\/wp\/v2\/users\/2"}],"replies":[{"embeddable":true,"href":"https:\/\/hammampacha.com\/wpress\/wp-json\/wp\/v2\/comments?post=429"}],"version-history":[{"count":2,"href":"https:\/\/hammampacha.com\/wpress\/wp-json\/wp\/v2\/pages\/429\/revisions"}],"predecessor-version":[{"id":3629,"href":"https:\/\/hammampacha.com\/wpress\/wp-json\/wp\/v2\/pages\/429\/revisions\/3629"}],"wp:attachment":[{"href":"https:\/\/hammampacha.com\/wpress\/wp-json\/wp\/v2\/media?parent=429"}],"curies":[{"name":"wp","href":"https:\/\/api.w.org\/{rel}","templated":true}]}}