{"id":466,"date":"2015-08-15T14:00:09","date_gmt":"2015-08-15T13:00:09","guid":{"rendered":"https:\/\/hammampacha.com\/wpress\/?page_id=466"},"modified":"2024-10-10T12:06:28","modified_gmt":"2024-10-10T11:06:28","slug":"evenementiel","status":"publish","type":"page","link":"https:\/\/hammampacha.com\/wpress\/evenementiel\/","title":{"rendered":"Evenementiel"},"content":{"rendered":"<h3 style=\"text-align: center;\"><span style=\"font-size: 18pt;\">Offrez un moment inoubliable \u00e0 vos clientes !<\/span><\/h3>\n<h4 style=\"text-align: center;\"><span style=\"font-size: 14pt;\">Vous pouvez r\u00e9cup\u00e9rer la TVA sur les entr\u00e9es, le forfait d\u00e9lice et le forfait basic du Hammam Pacha <\/span><\/h4>\n<h4 style=\"text-align: center;\"><span style=\"font-size: 14pt;\">(Maximum 73 euros TTC par client pour 2024 et 2025) <\/span><\/h4>\n<h4 style=\"text-align: center;\"><span style=\"font-size: 14pt;\">\u00a0<\/span><\/h4>\n<div id=\"attachment_3440\" style=\"width: 1610px\" class=\"wp-caption alignnone\"><img fetchpriority=\"high\" decoding=\"async\" aria-describedby=\"caption-attachment-3440\" class=\"size-medium wp-image-3440\" src=\"https:\/\/hammampacha.com\/wpress\/wp-content\/uploads\/4slider8-1920-1600x667.jpg\" alt=\"bain \u00e0 remous Hammam Pacha\" width=\"1600\" height=\"667\" srcset=\"https:\/\/hammampacha.com\/wpress\/wp-content\/uploads\/4slider8-1920-1600x667.jpg 1600w, https:\/\/hammampacha.com\/wpress\/wp-content\/uploads\/4slider8-1920-150x63.jpg 150w, https:\/\/hammampacha.com\/wpress\/wp-content\/uploads\/4slider8-1920-768x320.jpg 768w, https:\/\/hammampacha.com\/wpress\/wp-content\/uploads\/4slider8-1920-1536x640.jpg 1536w, https:\/\/hammampacha.com\/wpress\/wp-content\/uploads\/4slider8-1920.jpg 1920w\" sizes=\"(max-width: 1600px) 100vw, 1600px\" \/><p id=\"caption-attachment-3440\" class=\"wp-caption-text\">bain \u00e0 remous Hammam Pacha<\/p><\/div>\n<h4><\/h4>\n<h3 style=\"text-align: center;\"><span style=\"font-size: 18pt;\">Faites un cadeau \u00e0 vos employ\u00e9es !<\/span><\/h3>\n<h4 style=\"text-align: center;\"><span style=\"font-size: 14pt;\">Possibilit\u00e9 d&#8217;exon\u00e9ration de charges sociales sur les forfaits du hammam pacha jusqu&#8217;\u00e0 193 \u20ac par an et par salari\u00e9 (2024)<br \/>\n<\/span><\/h4>\n<p style=\"text-align: center;\">Cadeau d&#8217;entreprise : Vous pouvez choisir le forfait d\u00e9lice, forfait basic, forfait peau neuve, forfait bien-\u00eatre, forfait beaut\u00e9, forfait grande beaut\u00e9, forfait grande beaut\u00e9 et forfait marin.<\/p>\n<h5 style=\"text-align: center;\"><span style=\"font-size: 14pt;\">Pour tout renseignement, nous contacter au 01 43 06 86 26 ou <a href=\"mailto:contact-ce@hammampacha.com\" target=\"_blank\" rel=\"noopener noreferrer\">contact-ce@hammampacha.com<\/a><\/span><\/h5>\n<p style=\"text-align: center;\"><img decoding=\"async\" class=\"element_fade_in\" src=\"https:\/\/hammampacha.com\/wpress\/wp-content\/uploads\/Hammam-Pacha-Salle-Tiede-12.jpg\" alt=\"Bain \u00e0 remous Hammam Pacha\" \/><\/p>\n<p style=\"text-align: center;\">\n","protected":false},"excerpt":{"rendered":"<p>Offrez un moment inoubliable \u00e0 vos clientes ! Vous pouvez r\u00e9cup\u00e9rer la TVA sur les entr\u00e9es, le forfait d\u00e9lice et le forfait basic du Hammam Pacha (Maximum 73 euros TTC par client pour 2024 et 2025) \u00a0 Faites un cadeau \u00e0 vos employ\u00e9es ! Possibilit\u00e9 d&#8217;exon\u00e9ration de charges sociales sur les forfaits du hammam pacha<\/p>\n","protected":false},"author":2,"featured_media":0,"parent":0,"menu_order":0,"comment_status":"open","ping_status":"closed","template":"","meta":{"footnotes":""},"class_list":["post-466","page","type-page","status-publish","hentry"],"acf":[],"_links":{"self":[{"href":"https:\/\/hammampacha.com\/wpress\/wp-json\/wp\/v2\/pages\/466","targetHints":{"allow":["GET"]}}],"collection":[{"href":"https:\/\/hammampacha.com\/wpress\/wp-json\/wp\/v2\/pages"}],"about":[{"href":"https:\/\/hammampacha.com\/wpress\/wp-json\/wp\/v2\/types\/page"}],"author":[{"embeddable":true,"href":"https:\/\/hammampacha.com\/wpress\/wp-json\/wp\/v2\/users\/2"}],"replies":[{"embeddable":true,"href":"https:\/\/hammampacha.com\/wpress\/wp-json\/wp\/v2\/comments?post=466"}],"version-history":[{"count":1,"href":"https:\/\/hammampacha.com\/wpress\/wp-json\/wp\/v2\/pages\/466\/revisions"}],"predecessor-version":[{"id":4459,"href":"https:\/\/hammampacha.com\/wpress\/wp-json\/wp\/v2\/pages\/466\/revisions\/4459"}],"wp:attachment":[{"href":"https:\/\/hammampacha.com\/wpress\/wp-json\/wp\/v2\/media?parent=466"}],"curies":[{"name":"wp","href":"https:\/\/api.w.org\/{rel}","templated":true}]}}