{"id":469,"date":"2015-08-15T15:49:14","date_gmt":"2015-08-15T14:49:14","guid":{"rendered":"https:\/\/hammampacha.com\/wpress\/?page_id=469"},"modified":"2023-07-11T18:53:21","modified_gmt":"2023-07-11T17:53:21","slug":"nous-decouvrir-en-video","status":"publish","type":"page","link":"https:\/\/hammampacha.com\/wpress\/nous-decouvrir-en-video\/","title":{"rendered":"Nous d\u00e9couvrir en video"},"content":{"rendered":"<p>Tout compte fait &#8211; France 2 &#8211; 25\/02\/2017<\/p>\n<p>Une nouvelle jeunesse pour la peau :<br \/>\nSoin \u00e9clat jeunesse \u00e0 la grenade<br \/>\nMasque gommant antioxydant \u00e0 la grenade 100% naturel<br \/>\nPr\u00e9sentation vid\u00e9o Hammam Pacha<br \/>\n<script src=\"jquery.min.js\" type=\"text\/javascript\"><\/script><!-- Load jquery --><script src=\"projekktor.min.js\" type=\"text\/javascript\"><\/script><!-- load projekktor --><br \/>\n<script type=\"text\/javascript\">\/\/ <![CDATA[$(document).ready(function() { projekktor('#player_a', { volume: 0.8, playerFlashMP4: 'https:\/\/hammampacha.com\/wpress\/StrobeMediaPlayback.swf', playerFlashMP3: 'https:\/\/hammampacha.com\/wpress\/StrobeMediaPlayback.swf' }); }); \/\/ ]]><\/script><br \/>\n<video id=\"player_a\" class=\"projekktor\" title=\"presentation\" poster=\"intro.png\" controls=\"controls\" width=\"auto\" height=\"360\"><source src=\"https:\/\/hammampacha.com\/wpress\/video\/tout-compte-fait.mp4\" type=\"video\/mp4\" \/><\/video><br \/>\n<script src=\"jquery.min.js\" type=\"text\/javascript\"><\/script><!-- Load jquery --><script src=\"projekktor.min.js\" type=\"text\/javascript\"><\/script><!-- load projekktor --><br \/>\n<script type=\"text\/javascript\">\/\/ <![CDATA[$(document).ready(function() { projekktor('#player_a', { volume: 0.8, playerFlashMP4: 'https:\/\/hammampacha.com\/wpress\/StrobeMediaPlayback.swf', playerFlashMP3: 'https:\/\/hammampacha.com\/wpress\/StrobeMediaPlayback.swf' }); }); \/\/ ]]><\/script><br \/>\n<video id=\"player_a\" class=\"projekktor\" title=\"presentation\" poster=\"intro.png\" controls=\"controls\" width=\"auto\" height=\"360\"><source src=\"https:\/\/hammampacha.com\/wpress\/video\/presentation.mp4\" type=\"video\/mp4\" \/><\/video><\/p>\n","protected":false},"excerpt":{"rendered":"<p>Tout compte fait &#8211; France 2 &#8211; 25\/02\/2017 Une nouvelle jeunesse pour la peau : Soin \u00e9clat jeunesse \u00e0 la grenade Masque gommant antioxydant \u00e0 la grenade 100% naturel Pr\u00e9sentation vid\u00e9o Hammam Pacha<\/p>\n","protected":false},"author":2,"featured_media":0,"parent":0,"menu_order":0,"comment_status":"open","ping_status":"closed","template":"","meta":{"footnotes":""},"class_list":["post-469","page","type-page","status-publish","hentry"],"acf":[],"_links":{"self":[{"href":"https:\/\/hammampacha.com\/wpress\/wp-json\/wp\/v2\/pages\/469","targetHints":{"allow":["GET"]}}],"collection":[{"href":"https:\/\/hammampacha.com\/wpress\/wp-json\/wp\/v2\/pages"}],"about":[{"href":"https:\/\/hammampacha.com\/wpress\/wp-json\/wp\/v2\/types\/page"}],"author":[{"embeddable":true,"href":"https:\/\/hammampacha.com\/wpress\/wp-json\/wp\/v2\/users\/2"}],"replies":[{"embeddable":true,"href":"https:\/\/hammampacha.com\/wpress\/wp-json\/wp\/v2\/comments?post=469"}],"version-history":[{"count":0,"href":"https:\/\/hammampacha.com\/wpress\/wp-json\/wp\/v2\/pages\/469\/revisions"}],"wp:attachment":[{"href":"https:\/\/hammampacha.com\/wpress\/wp-json\/wp\/v2\/media?parent=469"}],"curies":[{"name":"wp","href":"https:\/\/api.w.org\/{rel}","templated":true}]}}