{"id":473,"date":"2015-08-15T16:04:22","date_gmt":"2015-08-15T15:04:22","guid":{"rendered":"https:\/\/hammampacha.com\/wpress\/?page_id=473"},"modified":"2024-11-23T21:17:56","modified_gmt":"2024-11-23T20:17:56","slug":"evjf","status":"publish","type":"page","link":"https:\/\/hammampacha.com\/wpress\/evjf\/","title":{"rendered":"EVJF, F\u00eates, Anniversaires"},"content":{"rendered":"<p>&nbsp;<\/p>\n<h2 style=\"text-align: center;\"><strong>Offres sp\u00e9ciales<\/strong><\/h2>\n<h2 style=\"text-align: center;\">Pour vos f\u00eates, anniversaires, mariages<br \/>\nEVJF, etc&#8230;<\/h2>\n<p>&nbsp;<\/p>\n<h3 style=\"text-align: center;\">D\u00e9crivez-nous par mail votre \u00e9v\u00e8nement,<br \/>\nnous vous ferons parvenir nos meilleures offres par retour :<\/h3>\n<h3 style=\"text-align: center;\"><a href=\"mailto:contact@hammampachaparis.com\">contact@hammampachaparis.com<\/a><\/h3>\n<p style=\"text-align: center;\">Pour les groupes, afin de vous accueillir au mieux, merci de nous pr\u00e9venir du jour et heure de votre arriv\u00e9e.<\/p>\n","protected":false},"excerpt":{"rendered":"<p>&nbsp; Offres sp\u00e9ciales Pour vos f\u00eates, anniversaires, mariages EVJF, etc&#8230; &nbsp; D\u00e9crivez-nous par mail votre \u00e9v\u00e8nement, nous vous ferons parvenir nos meilleures offres par retour : contact@hammampachaparis.com Pour les groupes, afin de vous accueillir au mieux, merci de nous pr\u00e9venir du jour et heure de votre arriv\u00e9e.<\/p>\n","protected":false},"author":2,"featured_media":0,"parent":0,"menu_order":0,"comment_status":"open","ping_status":"closed","template":"","meta":{"footnotes":""},"class_list":["post-473","page","type-page","status-publish","hentry"],"acf":[],"_links":{"self":[{"href":"https:\/\/hammampacha.com\/wpress\/wp-json\/wp\/v2\/pages\/473","targetHints":{"allow":["GET"]}}],"collection":[{"href":"https:\/\/hammampacha.com\/wpress\/wp-json\/wp\/v2\/pages"}],"about":[{"href":"https:\/\/hammampacha.com\/wpress\/wp-json\/wp\/v2\/types\/page"}],"author":[{"embeddable":true,"href":"https:\/\/hammampacha.com\/wpress\/wp-json\/wp\/v2\/users\/2"}],"replies":[{"embeddable":true,"href":"https:\/\/hammampacha.com\/wpress\/wp-json\/wp\/v2\/comments?post=473"}],"version-history":[{"count":3,"href":"https:\/\/hammampacha.com\/wpress\/wp-json\/wp\/v2\/pages\/473\/revisions"}],"predecessor-version":[{"id":4606,"href":"https:\/\/hammampacha.com\/wpress\/wp-json\/wp\/v2\/pages\/473\/revisions\/4606"}],"wp:attachment":[{"href":"https:\/\/hammampacha.com\/wpress\/wp-json\/wp\/v2\/media?parent=473"}],"curies":[{"name":"wp","href":"https:\/\/api.w.org\/{rel}","templated":true}]}}