{"id":477,"date":"2015-08-15T16:11:58","date_gmt":"2015-08-15T15:11:58","guid":{"rendered":"https:\/\/hammampacha.com\/wpress\/?page_id=477"},"modified":"2024-11-23T21:25:19","modified_gmt":"2024-11-23T20:25:19","slug":"ce-et-tours-operateurs","status":"publish","type":"page","link":"https:\/\/hammampacha.com\/wpress\/ce-et-tours-operateurs\/","title":{"rendered":"CE et tours op\u00e9rateurs"},"content":{"rendered":"<h3 style=\"text-align: center;\"><span style=\"font-size: 18pt;\">Offres sp\u00e9ciales CE et tours op\u00e9rateurs<br \/>\n<\/span><\/h3>\n<h3 style=\"text-align: center;\"><span style=\"font-size: 18pt;\">B\u00e9n\u00e9ficiez de conditions pr\u00e9f\u00e9rentielles !<\/span><\/h3>\n<h4 style=\"text-align: center;\"><span style=\"font-size: 18pt;\">Proposez aux salari\u00e9s de votre entreprise les bons ou les ch\u00e8ques-cadeaux Hammam Pacha<\/span><\/h4>\n<h4 style=\"text-align: center;\"><span style=\"font-size: 18pt;\">Possibilit\u00e9 d\u2019exon\u00e9ration de charges sociales sur tous les forfaits du hammam pacha<\/span><br \/>\n<span style=\"font-size: 18pt;\"> (\u00e0 l\u2019exception du forfait Int\u00e9gral )<\/span><\/h4>\n<h4 style=\"text-align: center;\"><span style=\"font-size: 18pt;\"> (Exon\u00e9ration avec plafond de 193 euros maximum par employ\u00e9 pour 2024 et 2025)<\/span><\/h4>\n<h4 style=\"text-align: center;\"><span style=\"font-size: 18pt;\">Pour tout renseignement concernant les CE et tours operateurs :<\/span><\/h4>\n<p>&nbsp;<\/p>\n<h4 style=\"text-align: center;\"><span style=\"font-size: 18pt;\">Nous contacter au 01 43 06 86 26\u00a0ou\u00a0<a href=\"mailto:contact-ce@hammampacha.com\" target=\"_blank\" rel=\"noopener noreferrer\">contact-ce@hammampacha.com<\/a><\/span><\/h4>\n<p>&nbsp;<\/p>\n<p>&nbsp;<\/p>\n<p style=\"text-align: center;\"><img decoding=\"async\" class=\"element_fade_in\" src=\"https:\/\/hammampacha.com\/wpress\/wp-content\/uploads\/Hammam-Pacha-Deco-4.jpg\" alt=\"Offres sp\u00e9ciales CE et tours op\u00e9rateurs - B\u00e9n\u00e9ficiez de conditions pr\u00e9f\u00e9rentielles !\" \/><\/p>\n<h2 style=\"text-align: center;\">HAMMAM PACHA<\/h2>\n<h2 style=\"text-align: center;\">\u00ab Ouvrez les portes du bien-\u00eatre \u00bb<\/h2>\n<h2 style=\"text-align: center;\"><b>Ouvert 7 jours sur 7, y compris les jours f\u00e9ri\u00e9s*<\/b><\/h2>\n<h2 style=\"text-align: center;\"><b>Exclusivement r\u00e9serv\u00e9 aux femmes<\/b><\/h2>\n<h2 style=\"text-align: center;\"><b><u>Sans rendez-vous<\/u> <\/b>(sauf pour les \u00e9pilations)<\/h2>\n<h3 style=\"text-align: center;\">Sur pr\u00e8s de 700 m\u00b2au c\u0153ur du 6\u00e8me arr. de Paris<\/h3>\n<h3 style=\"text-align: center;\"><strong>La r\u00e9f\u00e9rence des hammams depuis plus de 36 ans !<\/strong><\/h3>\n<p>Informations suppl\u00e9mentaires sur le site de l&#8217;URSSAF <a href=\"https:\/\/www.urssaf.fr\/portail\/home\/employeur\/calculer-les-cotisations\/les-elements-a-prendre-en-compte\/les-prestations-liees-aux-activi\/les-prestations-non-soumises-a-c\/lattribution-de-cadeaux-et-de-bo.html\" target=\"_blank\" rel=\"noopener\">ICI<\/a><\/p>\n<p><a href=\"https:\/\/hammampacha.com\/wpress\/portfolio\/\"><img fetchpriority=\"high\" decoding=\"async\" src=\"https:\/\/hammampacha.com\/wpress\/wp-content\/uploads\/accueil_1-1.jpg\" alt=\"CE et tours op\u00e9rateurs - Salle de vapeur Hammam Pacha\" width=\"1440\" height=\"800\" \/><\/a><\/p>\n<p><img decoding=\"async\" src=\"https:\/\/hammampacha.com\/images\/salle-tiede2-500.jpg\" alt=\"Salle ti\u00e8de Hammam Pacha\" width=\"500\" height=\"500\" \/><img decoding=\"async\" src=\"https:\/\/hammampacha.com\/images\/restaurant500.jpg\" alt=\"Salle de restaurant Hammam Pacha\" width=\"500\" height=\"500\" \/><\/p>\n<p>&nbsp;<\/p>\n","protected":false},"excerpt":{"rendered":"<p>Offres sp\u00e9ciales CE et tours op\u00e9rateurs B\u00e9n\u00e9ficiez de conditions pr\u00e9f\u00e9rentielles ! Proposez aux salari\u00e9s de votre entreprise les bons ou les ch\u00e8ques-cadeaux Hammam Pacha Possibilit\u00e9 d\u2019exon\u00e9ration de charges sociales sur tous les forfaits du hammam pacha (\u00e0 l\u2019exception du forfait Int\u00e9gral ) (Exon\u00e9ration avec plafond de 193 euros maximum par employ\u00e9 pour 2024 et 2025)<\/p>\n","protected":false},"author":2,"featured_media":0,"parent":0,"menu_order":0,"comment_status":"open","ping_status":"closed","template":"","meta":{"footnotes":""},"class_list":["post-477","page","type-page","status-publish","hentry"],"acf":[],"_links":{"self":[{"href":"https:\/\/hammampacha.com\/wpress\/wp-json\/wp\/v2\/pages\/477","targetHints":{"allow":["GET"]}}],"collection":[{"href":"https:\/\/hammampacha.com\/wpress\/wp-json\/wp\/v2\/pages"}],"about":[{"href":"https:\/\/hammampacha.com\/wpress\/wp-json\/wp\/v2\/types\/page"}],"author":[{"embeddable":true,"href":"https:\/\/hammampacha.com\/wpress\/wp-json\/wp\/v2\/users\/2"}],"replies":[{"embeddable":true,"href":"https:\/\/hammampacha.com\/wpress\/wp-json\/wp\/v2\/comments?post=477"}],"version-history":[{"count":4,"href":"https:\/\/hammampacha.com\/wpress\/wp-json\/wp\/v2\/pages\/477\/revisions"}],"predecessor-version":[{"id":4610,"href":"https:\/\/hammampacha.com\/wpress\/wp-json\/wp\/v2\/pages\/477\/revisions\/4610"}],"wp:attachment":[{"href":"https:\/\/hammampacha.com\/wpress\/wp-json\/wp\/v2\/media?parent=477"}],"curies":[{"name":"wp","href":"https:\/\/api.w.org\/{rel}","templated":true}]}}