{"id":480,"date":"2015-08-15T16:20:17","date_gmt":"2015-08-15T15:20:17","guid":{"rendered":"https:\/\/hammampacha.com\/wpress\/?page_id=480"},"modified":"2023-07-11T14:53:20","modified_gmt":"2023-07-11T13:53:20","slug":"privatisation","status":"publish","type":"page","link":"https:\/\/hammampacha.com\/wpress\/privatisation\/","title":{"rendered":"Privatisation"},"content":{"rendered":"<p>&nbsp;<\/p>\n<h2 style=\"text-align: center;\"><span style=\"font-size: 18pt;\">Privatisation, \u00e9v\u00e8nements<\/span><\/h2>\n<p>&nbsp;<\/p>\n<h3 style=\"text-align: center;\"><span style=\"font-size: 18pt;\">Le Hammam Pacha Paris se privatise \u00e0 partir de 20h !<\/span><\/h3>\n<p>&nbsp;<\/p>\n<h3 style=\"text-align: center;\">Possibilit\u00e9 de location pour vos s\u00e9minaires, congr\u00e8s, mariages, anniversaires, c\u00e9r\u00e9monies, etc&#8230;<\/h3>\n<h3 style=\"text-align: center;\">A partir de 50 personnes<\/h3>\n<p>&nbsp;<\/p>\n<h4 style=\"text-align: center;\"><span style=\"font-size: 18pt;\">Nous consulter au 01 43 06 55 55 ou par mail : privatisations@hammampacha.com<\/span><br \/>\n<span style=\"font-size: 18pt;\"> en pr\u00e9cisant vos coordonn\u00e9es t\u00e9l\u00e9phoniques<\/span><\/h4>\n","protected":false},"excerpt":{"rendered":"<p>&nbsp; Privatisation, \u00e9v\u00e8nements &nbsp; Le Hammam Pacha Paris se privatise \u00e0 partir de 20h ! &nbsp; Possibilit\u00e9 de location pour vos s\u00e9minaires, congr\u00e8s, mariages, anniversaires, c\u00e9r\u00e9monies, etc&#8230; A partir de 50 personnes &nbsp; Nous consulter au 01 43 06 55 55 ou par mail : privatisations@hammampacha.com en pr\u00e9cisant vos coordonn\u00e9es t\u00e9l\u00e9phoniques<\/p>\n","protected":false},"author":2,"featured_media":0,"parent":0,"menu_order":0,"comment_status":"open","ping_status":"closed","template":"","meta":{"footnotes":""},"class_list":["post-480","page","type-page","status-publish","hentry"],"acf":[],"_links":{"self":[{"href":"https:\/\/hammampacha.com\/wpress\/wp-json\/wp\/v2\/pages\/480","targetHints":{"allow":["GET"]}}],"collection":[{"href":"https:\/\/hammampacha.com\/wpress\/wp-json\/wp\/v2\/pages"}],"about":[{"href":"https:\/\/hammampacha.com\/wpress\/wp-json\/wp\/v2\/types\/page"}],"author":[{"embeddable":true,"href":"https:\/\/hammampacha.com\/wpress\/wp-json\/wp\/v2\/users\/2"}],"replies":[{"embeddable":true,"href":"https:\/\/hammampacha.com\/wpress\/wp-json\/wp\/v2\/comments?post=480"}],"version-history":[{"count":0,"href":"https:\/\/hammampacha.com\/wpress\/wp-json\/wp\/v2\/pages\/480\/revisions"}],"wp:attachment":[{"href":"https:\/\/hammampacha.com\/wpress\/wp-json\/wp\/v2\/media?parent=480"}],"curies":[{"name":"wp","href":"https:\/\/api.w.org\/{rel}","templated":true}]}}