{"id":56,"date":"2014-02-07T13:41:10","date_gmt":"2014-02-07T13:41:10","guid":{"rendered":"https:\/\/clapat.ro\/themes\/newave-wordpress\/?page_id=56"},"modified":"2024-10-05T06:18:43","modified_gmt":"2024-10-05T05:18:43","slug":"portfolio","status":"publish","type":"page","link":"https:\/\/hammampacha.com\/wpress\/portfolio\/","title":{"rendered":"Nous d\u00e9couvrir en photos"},"content":{"rendered":"<h3 style=\"text-align: center;\"><strong>La r\u00e9f\u00e9rence des hammams depuis plus de 36 ans !<\/strong><\/h3>\r\n<h3 style=\"text-align: center;\"><strong>\u201cOuvrez les portes du bien-\u00eatre\u201d<\/strong><\/h3>\r\n<h3 style=\"text-align: center;\"><strong>Sur pr\u00e8s de 700 m\u00b2 au c\u0153ur du 6\u00e8me arrondissement de Paris<\/strong><\/h3>\r\n<h3 style=\"text-align: center;\"><strong>Ouvert 7 jours sur 7, y compris les jours f\u00e9ri\u00e9s*<\/strong><\/h3>\r\n<h3 style=\"text-align: center;\"><strong>Sans rendez-vous (sauf pour les \u00e9pilations)<\/strong><\/h3>\r\n<h3 style=\"text-align: center;\"><strong>Exclusivement r\u00e9serv\u00e9 aux femmes<\/strong><\/h3>\r\n","protected":false},"excerpt":{"rendered":"<p>La r\u00e9f\u00e9rence des hammams depuis plus de 36 ans ! \u201cOuvrez les portes du bien-\u00eatre\u201d Sur pr\u00e8s de 700 m\u00b2 au c\u0153ur du 6\u00e8me arrondissement de Paris Ouvert 7 jours sur 7, y compris les jours f\u00e9ri\u00e9s* Sans rendez-vous (sauf pour les \u00e9pilations) Exclusivement r\u00e9serv\u00e9 aux femmes<\/p>\n","protected":false},"author":2,"featured_media":0,"parent":0,"menu_order":0,"comment_status":"open","ping_status":"closed","template":"portfolio-page.php","meta":{"footnotes":""},"class_list":["post-56","page","type-page","status-publish","hentry"],"acf":[],"_links":{"self":[{"href":"https:\/\/hammampacha.com\/wpress\/wp-json\/wp\/v2\/pages\/56","targetHints":{"allow":["GET"]}}],"collection":[{"href":"https:\/\/hammampacha.com\/wpress\/wp-json\/wp\/v2\/pages"}],"about":[{"href":"https:\/\/hammampacha.com\/wpress\/wp-json\/wp\/v2\/types\/page"}],"author":[{"embeddable":true,"href":"https:\/\/hammampacha.com\/wpress\/wp-json\/wp\/v2\/users\/2"}],"replies":[{"embeddable":true,"href":"https:\/\/hammampacha.com\/wpress\/wp-json\/wp\/v2\/comments?post=56"}],"version-history":[{"count":3,"href":"https:\/\/hammampacha.com\/wpress\/wp-json\/wp\/v2\/pages\/56\/revisions"}],"predecessor-version":[{"id":4483,"href":"https:\/\/hammampacha.com\/wpress\/wp-json\/wp\/v2\/pages\/56\/revisions\/4483"}],"wp:attachment":[{"href":"https:\/\/hammampacha.com\/wpress\/wp-json\/wp\/v2\/media?parent=56"}],"curies":[{"name":"wp","href":"https:\/\/api.w.org\/{rel}","templated":true}]}}