{"id":577,"date":"2015-08-29T20:46:24","date_gmt":"2015-08-29T19:46:24","guid":{"rendered":"https:\/\/hammampacha.com\/wpress\/?page_id=577"},"modified":"2024-10-05T06:26:00","modified_gmt":"2024-10-05T05:26:00","slug":"qui-sommes-nous","status":"publish","type":"page","link":"https:\/\/hammampacha.com\/wpress\/qui-sommes-nous\/","title":{"rendered":"Qui sommes-nous"},"content":{"rendered":"<h2 style=\"text-align: center;\"><strong>Hammam Pacha<br \/>\nla r\u00e9f\u00e9rence des hammams depuis plus de 36 ans !<\/strong><\/h2>\n<h3 style=\"text-align: center;\"><strong>&#8220;Ouvrez les portes du bien-\u00eatre&#8221;<\/strong><\/h3>\n<h3 style=\"text-align: center;\">Sur pr\u00e8s de 700 m\u00b2 au c\u0153ur du 6\u00e8me arrondissement de Paris<\/h3>\n<h3 style=\"text-align: center;\">Ouvert 7 jours sur 7, y compris les jours f\u00e9ri\u00e9s*<\/h3>\n<h3 style=\"text-align: center;\">Sans rendez-vous sauf pour les \u00e9pilations<\/h3>\n<h3 style=\"text-align: center;\">Exclusivement r\u00e9serv\u00e9 aux femmes<\/h3>\n<h3 style=\"text-align: center;\"><strong>&#8220;Une tradition familiale ancestrale&#8221;<\/strong><\/h3>\n<h4>En souvenir de sa douce enfance en Tunisie et en hommage \u00e0 sa m\u00e8re qui l\u2019emmenait avec elle au hammam quand il \u00e9tait enfant, Georges NATAF a ouvert en 1988 le Hammam Pacha dans la plus pure tradition orientale et aux normes fran\u00e7aises d\u2019hygi\u00e8ne les plus strictes.<\/h4>\n<h4>Aujourd\u2019hui, ses enfants et petits-enfants entretiennent la tradition et d\u00e9veloppent cet endroit magique, qui permet aux femmes de se d\u00e9tendre, se ressourcer et de voyager en plein c\u0153ur de Paris sans prendre l\u2019avion.<\/h4>\n<h3 style=\"text-align: center;\"><strong>&#8220;Une restauration <strong>Bio&#8221;<\/strong><\/strong><\/h3>\n<h4 style=\"text-align: center;\">Tous nos plats et desserts sont pr\u00e9par\u00e9s et cuisin\u00e9s sur place par notre cuisini\u00e8re.<\/h4>\n<h4 style=\"text-align: center;\">Nos viandes, l\u00e9gumes, laitages, huiles, fruits, vins, champagnes, et jus de fruits sont BIO<\/h4>\n<h4 style=\"text-align: center;\"><strong>NOUVEAU : Vous pouvez d\u00e9sormais commander vos plats et les emporter<br \/>\npour prolonger la magie du hammam \u00e0 domicile<\/strong><\/h4>\n<h4 style=\"text-align: center;\">* Ferm\u00e9 certains lundis, mardis, mercredis du mois d\u2019ao\u00fbt et le 25 d\u00e9cembre.<\/h4>\n<div class=\"screens\"><div class=\"small-screen-left\"><img decoding=\"async\" class=\"element_fade_in\" src=\"https:\/\/hammampacha.com\/wpress\/wp-content\/uploads\/Hammam-Pacha-Salle-Tiede-5.jpg\" alt=\"\" \/><\/div><div class=\"small-screen-right\"><img decoding=\"async\" class=\"element_fade_in\" src=\"https:\/\/hammampacha.com\/wpress\/wp-content\/uploads\/Hammam-Pacha-Salle-de-Restauration-1.jpg\" alt=\"\" \/><\/div><div class=\"big-screen\"><img decoding=\"async\" class=\"element_fade_in\" src=\"https:\/\/hammampacha.com\/wpress\/wp-content\/uploads\/Hammam-Pacha-Salle-de-vapeur-4.jpg\" alt=\"\" \/><\/div><\/div>\n","protected":false},"excerpt":{"rendered":"<p>Hammam Pacha la r\u00e9f\u00e9rence des hammams depuis plus de 36 ans ! &#8220;Ouvrez les portes du bien-\u00eatre&#8221; Sur pr\u00e8s de 700 m\u00b2 au c\u0153ur du 6\u00e8me arrondissement de Paris Ouvert 7 jours sur 7, y compris les jours f\u00e9ri\u00e9s* Sans rendez-vous sauf pour les \u00e9pilations Exclusivement r\u00e9serv\u00e9 aux femmes &#8220;Une tradition familiale ancestrale&#8221; En souvenir<\/p>\n","protected":false},"author":2,"featured_media":0,"parent":0,"menu_order":0,"comment_status":"open","ping_status":"closed","template":"","meta":{"footnotes":""},"class_list":["post-577","page","type-page","status-publish","hentry"],"acf":[],"_links":{"self":[{"href":"https:\/\/hammampacha.com\/wpress\/wp-json\/wp\/v2\/pages\/577","targetHints":{"allow":["GET"]}}],"collection":[{"href":"https:\/\/hammampacha.com\/wpress\/wp-json\/wp\/v2\/pages"}],"about":[{"href":"https:\/\/hammampacha.com\/wpress\/wp-json\/wp\/v2\/types\/page"}],"author":[{"embeddable":true,"href":"https:\/\/hammampacha.com\/wpress\/wp-json\/wp\/v2\/users\/2"}],"replies":[{"embeddable":true,"href":"https:\/\/hammampacha.com\/wpress\/wp-json\/wp\/v2\/comments?post=577"}],"version-history":[{"count":3,"href":"https:\/\/hammampacha.com\/wpress\/wp-json\/wp\/v2\/pages\/577\/revisions"}],"predecessor-version":[{"id":4484,"href":"https:\/\/hammampacha.com\/wpress\/wp-json\/wp\/v2\/pages\/577\/revisions\/4484"}],"wp:attachment":[{"href":"https:\/\/hammampacha.com\/wpress\/wp-json\/wp\/v2\/media?parent=577"}],"curies":[{"name":"wp","href":"https:\/\/api.w.org\/{rel}","templated":true}]}}