{"id":585,"date":"2015-08-29T20:49:03","date_gmt":"2015-08-29T19:49:03","guid":{"rendered":"https:\/\/hammampacha.com\/wpress\/?page_id=585"},"modified":"2022-11-13T08:44:40","modified_gmt":"2022-11-13T07:44:40","slug":"a-la-carte","status":"publish","type":"page","link":"https:\/\/hammampacha.com\/wpress\/a-la-carte\/","title":{"rendered":"A la Carte"},"content":{"rendered":"\n<h3 style=\"text-align: center;\">Vous pouvez acheter ces soins A la carte afin de compl\u00e9ter votre forfait ou votre entr\u00e9e. Vous pourrez ainsi prolonger votre temps de massage par exemple<\/h3>\n\n\n<p><img decoding=\"async\" src=\"https:\/\/hammampacha.com\/wpress\/images\/s_tarifs_a_la_carte_hammam_pacha_0.jpg\" alt=\"\" \/><a href=\"https:\/\/hammampacha.com\/shop\/produit\/gommage-du-corps\/\"><img fetchpriority=\"high\" decoding=\"async\" class=\"alignnone\" src=\"https:\/\/hammampacha.com\/wpress\/images\/s_tarifs_a_la_carte_hammam_pacha_10.jpg\" alt=\"\" width=\"1700\" height=\"45\" \/><\/a><a href=\"https:\/\/hammampacha.com\/shop\/produit\/masque-de-beaute-et-massage-du-visage\/\"><img decoding=\"async\" class=\"alignnone\" src=\"https:\/\/hammampacha.com\/wpress\/images\/s_tarifs_a_la_carte_hammam_pacha_11.jpg\" alt=\"Masque de beaut\u00e9 et masque du visage Hammam Pacha\" width=\"1700\" height=\"50\" \/><\/a><a href=\"https:\/\/hammampacha.com\/shop\/produit\/enveloppement-argile-douce-avec-savonnage-a-la-fleur-oranger\/\"><img decoding=\"async\" class=\"alignnone\" src=\"https:\/\/hammampacha.com\/wpress\/images\/s_tarifs_a_la_carte_hammam_pacha_12.jpg\" alt=\"enveloppement argile douce avec savonnage \u00e0 la fleur d'oranger Hammam Pacha\" width=\"1700\" height=\"50\" \/><\/a><a href=\"https:\/\/hammampacha.com\/shop\/produit\/enveloppement-aux-algues-savonnage-a-la-fleur-doranger\/\"><img loading=\"lazy\" decoding=\"async\" class=\"alignnone\" src=\"https:\/\/hammampacha.com\/wpress\/images\/s_tarifs_a_la_carte_hammam_pacha_13.jpg\" alt=\"Enveloppement d'algues et savonnage \u00e0 la fleur d'oranger Hammam Pacha\" width=\"1700\" height=\"50\" \/><\/a><a href=\"https:\/\/hammampacha.com\/shop\/produit\/massage-corps-15mn\/\"><img loading=\"lazy\" decoding=\"async\" class=\"alignnone\" src=\"https:\/\/hammampacha.com\/wpress\/images\/s_tarifs_a_la_carte_hammam_pacha_1.jpg\" alt=\"Massage du corps 15 mn aux huiles Hammam Pacha\" width=\"1700\" height=\"50\" \/><\/a><a href=\"https:\/\/hammampacha.com\/shop\/produit\/massage-corps-30-mn\/\"><img loading=\"lazy\" decoding=\"async\" class=\"alignnone\" src=\"https:\/\/hammampacha.com\/wpress\/images\/s_tarifs_a_la_carte_hammam_pacha_2.jpg\" alt=\"Massage du corps 30 mn aux huiles Hammam Pacha\" width=\"1700\" height=\"45\" \/><\/a><a href=\"https:\/\/hammampacha.com\/shop\/produit\/massage-corps-45mn\/\"><img loading=\"lazy\" decoding=\"async\" class=\"alignnone\" src=\"https:\/\/hammampacha.com\/wpress\/images\/s_tarifs_a_la_carte_hammam_pacha_3.jpg\" alt=\"Massage du corps 45 mn aux huiles Hammam Pacha\" width=\"1700\" height=\"50\" \/><\/a><a href=\"https:\/\/hammampacha.com\/shop\/produit\/massage-corps-1-heure\/\"><img loading=\"lazy\" decoding=\"async\" class=\"alignnone\" src=\"https:\/\/hammampacha.com\/wpress\/images\/s_tarifs_a_la_carte_hammam_pacha_4.jpg\" alt=\"Massage du corps 1 heure aux huiles Hammam Pacha\" width=\"1700\" height=\"50\" \/><\/a><a href=\"https:\/\/hammampacha.com\/shop\/produit\/massage-plantaire-15mn\/\"><img loading=\"lazy\" decoding=\"async\" class=\"alignnone\" src=\"https:\/\/hammampacha.com\/wpress\/images\/s_tarifs_a_la_carte_hammam_pacha_5.jpg\" alt=\"\" width=\"1700\" height=\"50\" \/><\/a><a href=\"https:\/\/hammampacha.com\/shop\/produit\/massage-corps-aux-huiles-chaudes-15mn\/\"><img loading=\"lazy\" decoding=\"async\" class=\"alignnone\" src=\"https:\/\/hammampacha.com\/wpress\/images\/s_tarifs_a_la_carte_hammam_pacha_6.jpg\" alt=\"Massage du corps aux huiles chaudes 15 minutes Hammam Pacha\" width=\"1700\" height=\"45\" \/><\/a><a href=\"https:\/\/hammampacha.com\/shop\/produit\/massage-corps-aux-huiles-chaudes-30-mn\/\"><img loading=\"lazy\" decoding=\"async\" class=\"alignnone\" src=\"https:\/\/hammampacha.com\/wpress\/images\/s_tarifs_a_la_carte_hammam_pacha_7.jpg\" alt=\"Massage du corps aux huiles chaudes 30 minutes Hammam Pacha\" width=\"1700\" height=\"50\" \/><\/a><a href=\"https:\/\/hammampacha.com\/shop\/produit\/massage-aux-galets-chauds-20-mn\/\"><img loading=\"lazy\" decoding=\"async\" class=\"alignnone\" src=\"https:\/\/hammampacha.com\/wpress\/images\/s_tarifs_a_la_carte_hammam_pacha_8.jpg\" alt=\"Massage auxgalets chauds 20 minutes Hammam Pacha\" width=\"1700\" height=\"50\" \/><\/a><a href=\"https:\/\/hammampacha.com\/shop\/produit\/massage-a-4-mains-30-mn\/\"><img loading=\"lazy\" decoding=\"async\" class=\"alignnone\" src=\"https:\/\/hammampacha.com\/wpress\/images\/s_tarifs_a_la_carte_hammam_pacha_9.jpg\" alt=\"Massage du corps \u00e0 4 mains 30 minutes Hammam Pacha\" width=\"1700\" height=\"50\" \/><\/a><a href=\"https:\/\/hammampacha.com\/shop\/index.php?cPath=38&amp;language=fr\"><img decoding=\"async\" src=\"https:\/\/hammampacha.com\/wpress\/images\/s_tarifs_a_la_carte_hammam_pacha_15.jpg\" alt=\"Tarifs \u00e0 la carte Hammam Pacha Paris\" \/><\/a><\/p>\n<table id=\"Tableau_01\" border=\"0\" width=\"1700\" cellspacing=\"0\" cellpadding=\"0\"><\/table>\n\n\n<figure class=\"wp-block-image size-large\"><img loading=\"lazy\" decoding=\"async\" width=\"1024\" height=\"738\" src=\"https:\/\/hammampacha.com\/wpress\/wp-content\/uploads\/Hammam-Pacha-Salle-de-Massage-1-1024x738.jpg\" alt=\" Massages du corps et autres soins au hammam Pacha \" class=\"wp-image-511\" srcset=\"https:\/\/hammampacha.com\/wpress\/wp-content\/uploads\/Hammam-Pacha-Salle-de-Massage-1-1024x738.jpg 1024w, https:\/\/hammampacha.com\/wpress\/wp-content\/uploads\/Hammam-Pacha-Salle-de-Massage-1-300x216.jpg 300w, https:\/\/hammampacha.com\/wpress\/wp-content\/uploads\/Hammam-Pacha-Salle-de-Massage-1.jpg 1499w\" sizes=\"(max-width: 1024px) 100vw, 1024px\" \/><\/figure>\n\n\n\n<p>Les massages sont non th\u00e9rapeutiques<\/p>\n<p>Ces massages et soins n\u00e9cessitent l&#8217;achat dune entr\u00e9e au Hammam Pacha ou d&#8217;un forfait.<\/p>\n<p>Pour acheter ces soins, cliquez sur le soin choisi, vous acc\u00e9derez directement sur notre site de vente en ligne.<\/p>\n<p>Les soins sont valables 1 an et non nominatifs.<\/p>\n<p>\u00a0<\/p>\n","protected":false},"excerpt":{"rendered":"<p>Vous pouvez acheter ces soins A la carte afin de compl\u00e9ter votre forfait ou votre entr\u00e9e. Vous pourrez ainsi prolonger votre temps de massage par exemple Les massages sont non th\u00e9rapeutiques Ces massages et soins n\u00e9cessitent l&#8217;achat dune entr\u00e9e au Hammam Pacha ou d&#8217;un forfait. Pour acheter ces soins, cliquez sur le soin choisi, vous<\/p>\n","protected":false},"author":2,"featured_media":0,"parent":0,"menu_order":0,"comment_status":"open","ping_status":"closed","template":"","meta":{"footnotes":""},"class_list":["post-585","page","type-page","status-publish","hentry"],"acf":[],"_links":{"self":[{"href":"https:\/\/hammampacha.com\/wpress\/wp-json\/wp\/v2\/pages\/585","targetHints":{"allow":["GET"]}}],"collection":[{"href":"https:\/\/hammampacha.com\/wpress\/wp-json\/wp\/v2\/pages"}],"about":[{"href":"https:\/\/hammampacha.com\/wpress\/wp-json\/wp\/v2\/types\/page"}],"author":[{"embeddable":true,"href":"https:\/\/hammampacha.com\/wpress\/wp-json\/wp\/v2\/users\/2"}],"replies":[{"embeddable":true,"href":"https:\/\/hammampacha.com\/wpress\/wp-json\/wp\/v2\/comments?post=585"}],"version-history":[{"count":3,"href":"https:\/\/hammampacha.com\/wpress\/wp-json\/wp\/v2\/pages\/585\/revisions"}],"predecessor-version":[{"id":3653,"href":"https:\/\/hammampacha.com\/wpress\/wp-json\/wp\/v2\/pages\/585\/revisions\/3653"}],"wp:attachment":[{"href":"https:\/\/hammampacha.com\/wpress\/wp-json\/wp\/v2\/media?parent=585"}],"curies":[{"name":"wp","href":"https:\/\/api.w.org\/{rel}","templated":true}]}}