{"id":587,"date":"2015-08-29T20:49:50","date_gmt":"2015-08-29T19:49:50","guid":{"rendered":"https:\/\/hammampacha.com\/wpress\/?page_id=587"},"modified":"2022-11-30T10:32:06","modified_gmt":"2022-11-30T09:32:06","slug":"les-epilations","status":"publish","type":"page","link":"https:\/\/hammampacha.com\/wpress\/les-epilations\/","title":{"rendered":"Nos \u00e9pilations orientales"},"content":{"rendered":"\n<p style=\"text-align: center;\">Nos \u00e9pilations orientales sont effectu\u00e9e avec du sucre et du citron qui se pratique \u00e0 froid par petites touches- garanti sans allerg\u00e8nes.<\/p>\n<p style=\"text-align: center;\">Merci de prendre RDV au 01 43 06 55 55<\/p>\n\n\n<img decoding=\"async\" class=\"element_fade_in\" src=\"https:\/\/hammampacha.com\/wpress\/wp-content\/uploads\/epilations-hammam-pacha.jpg\" alt=\"les diff\u00e9rentes \u00e9pilations du Hammam Pacha\" \/>","protected":false},"excerpt":{"rendered":"<p>Nos \u00e9pilations orientales sont effectu\u00e9e avec du sucre et du citron qui se pratique \u00e0 froid par petites touches- garanti sans allerg\u00e8nes. Merci de prendre RDV au 01 43 06 55 55<\/p>\n","protected":false},"author":2,"featured_media":0,"parent":0,"menu_order":0,"comment_status":"open","ping_status":"closed","template":"","meta":{"footnotes":""},"class_list":["post-587","page","type-page","status-publish","hentry"],"acf":[],"_links":{"self":[{"href":"https:\/\/hammampacha.com\/wpress\/wp-json\/wp\/v2\/pages\/587","targetHints":{"allow":["GET"]}}],"collection":[{"href":"https:\/\/hammampacha.com\/wpress\/wp-json\/wp\/v2\/pages"}],"about":[{"href":"https:\/\/hammampacha.com\/wpress\/wp-json\/wp\/v2\/types\/page"}],"author":[{"embeddable":true,"href":"https:\/\/hammampacha.com\/wpress\/wp-json\/wp\/v2\/users\/2"}],"replies":[{"embeddable":true,"href":"https:\/\/hammampacha.com\/wpress\/wp-json\/wp\/v2\/comments?post=587"}],"version-history":[{"count":2,"href":"https:\/\/hammampacha.com\/wpress\/wp-json\/wp\/v2\/pages\/587\/revisions"}],"predecessor-version":[{"id":3637,"href":"https:\/\/hammampacha.com\/wpress\/wp-json\/wp\/v2\/pages\/587\/revisions\/3637"}],"wp:attachment":[{"href":"https:\/\/hammampacha.com\/wpress\/wp-json\/wp\/v2\/media?parent=587"}],"curies":[{"name":"wp","href":"https:\/\/api.w.org\/{rel}","templated":true}]}}