{"id":593,"date":"2015-08-29T20:51:26","date_gmt":"2015-08-29T19:51:26","guid":{"rendered":"https:\/\/hammampacha.com\/wpress\/?page_id=593"},"modified":"2024-09-16T11:52:43","modified_gmt":"2024-09-16T10:52:43","slug":"service-traiteur","status":"publish","type":"page","link":"https:\/\/hammampacha.com\/wpress\/service-traiteur\/","title":{"rendered":"Service Traiteur"},"content":{"rendered":"<p style=\"text-align: center;\"><span style=\"font-size: 18pt;\">Vous pouvez r\u00e9server et payer nos tajines et nos desserts maison \u00e0 emporter :<\/span><\/p>\n<p>&nbsp;<\/p>\n<p style=\"text-align: center;\"><span style=\"font-size: 18pt;\">Pour moins de 10 tajines, commandez jusqu&#8217;\u00e0\u00a015h pour emporter dans l&#8217;apr\u00e8s midi<\/span><\/p>\n<p>&nbsp;<\/p>\n<p style=\"text-align: center;\"><span style=\"font-size: 18pt;\">Pour plus de 10 tajines, commandez la veille pour le lendemain<\/span><\/p>\n<p>&nbsp;<\/p>\n<p style=\"text-align: center;\"><span style=\"font-size: 18pt;\">Commandes \u00e0 retirer au Hammam Pacha :<\/span><\/p>\n<p style=\"text-align: center;\"><span style=\"font-size: 18pt;\"> jusqu\u2019\u00e0 22h les jeudi et vendredi<\/span><br \/>\n<span style=\"font-size: 18pt;\"> jusqu\u2019\u00e0 19h30 du dimanche au mercredi<\/span><br \/>\n<span style=\"font-size: 18pt;\"> (le lendemain midi pour les commandes pass\u00e9es apr\u00e8s 15h)<\/span><\/p>\n<p>&nbsp;<\/p>\n<p style=\"text-align: center;\"><span style=\"font-size: 18pt;\">Vous pouvez aussi t\u00e9l\u00e9phoner au Hammam Pacha aux heures d&#8217;ouverture au 01 43 06 55 55<\/span><\/p>\n<p>&nbsp;<\/p>\n<p style=\"text-align: center;\"><span style=\"font-size: 18pt;\">NB: En cas d&#8217;annulation de votre commande, merci de pr\u00e9venir le Hammam Pacha au plus t\u00f4t. Toute commande non annul\u00e9e 24 heures avant la date pr\u00e9vue de retrait sera factur\u00e9e \u00e0 100%<\/span><\/p>\n<p>&nbsp;<\/p>\n<p style=\"text-align: center;\"><span style=\"font-size: 18pt;\">TEL : 01 43 06 55 55<\/span><\/p>\n","protected":false},"excerpt":{"rendered":"<p>Vous pouvez r\u00e9server et payer nos tajines et nos desserts maison \u00e0 emporter : &nbsp; Pour moins de 10 tajines, commandez jusqu&#8217;\u00e0\u00a015h pour emporter dans l&#8217;apr\u00e8s midi &nbsp; Pour plus de 10 tajines, commandez la veille pour le lendemain &nbsp; Commandes \u00e0 retirer au Hammam Pacha : jusqu\u2019\u00e0 22h les jeudi et vendredi jusqu\u2019\u00e0 19h30<\/p>\n","protected":false},"author":2,"featured_media":0,"parent":0,"menu_order":0,"comment_status":"open","ping_status":"closed","template":"","meta":{"footnotes":""},"class_list":["post-593","page","type-page","status-publish","hentry"],"acf":[],"_links":{"self":[{"href":"https:\/\/hammampacha.com\/wpress\/wp-json\/wp\/v2\/pages\/593","targetHints":{"allow":["GET"]}}],"collection":[{"href":"https:\/\/hammampacha.com\/wpress\/wp-json\/wp\/v2\/pages"}],"about":[{"href":"https:\/\/hammampacha.com\/wpress\/wp-json\/wp\/v2\/types\/page"}],"author":[{"embeddable":true,"href":"https:\/\/hammampacha.com\/wpress\/wp-json\/wp\/v2\/users\/2"}],"replies":[{"embeddable":true,"href":"https:\/\/hammampacha.com\/wpress\/wp-json\/wp\/v2\/comments?post=593"}],"version-history":[{"count":1,"href":"https:\/\/hammampacha.com\/wpress\/wp-json\/wp\/v2\/pages\/593\/revisions"}],"predecessor-version":[{"id":4467,"href":"https:\/\/hammampacha.com\/wpress\/wp-json\/wp\/v2\/pages\/593\/revisions\/4467"}],"wp:attachment":[{"href":"https:\/\/hammampacha.com\/wpress\/wp-json\/wp\/v2\/media?parent=593"}],"curies":[{"name":"wp","href":"https:\/\/api.w.org\/{rel}","templated":true}]}}