{"id":595,"date":"2015-08-29T20:53:58","date_gmt":"2015-08-29T19:53:58","guid":{"rendered":"https:\/\/hammampacha.com\/wpress\/?page_id=595"},"modified":"2025-08-19T13:41:40","modified_gmt":"2025-08-19T12:41:40","slug":"plan-dacces","status":"publish","type":"page","link":"https:\/\/hammampacha.com\/wpress\/plan-dacces\/","title":{"rendered":"Plan d&#8217;acc\u00e8s"},"content":{"rendered":"<p>&nbsp;<\/p>\n<table>\n<tbody>\n<tr>\n<td>\n<h3 style=\"text-align: center;\"><span style=\"text-decoration: underline;\"><strong>En Metro :<\/strong><\/span><br \/>\nLigne 12 : Falguiere<br \/>\nLignes 10, 13 : Duroc<br \/>\nLignes 13, 4, 6 : Montparnasse &#8211; Bienvenue<\/h3>\n<\/td>\n<td>\n<h3 style=\"text-align: center;\"><span style=\"text-decoration: underline;\"><strong>En Bus :<\/strong><\/span><br \/>\nLignes 28, 92, 82, 89 : Maine &#8211; Vaugirard<br \/>\nLignes 39, 70 : Pasteur &#8211; Lycee Buffon<br \/>\nLignes 95, 96, 94, 58, 91 : Place du 18 juin 1940 &#8211; Rue de l&#8217;arrivee<\/h3>\n<\/td>\n<\/tr>\n<tr>\n<td>\n<h3 style=\"text-align: center;\"><span style=\"text-decoration: underline;\"><strong>En Velib :<\/strong><\/span><br \/>\nStation n\u00b0 7002 : 86 RUE VANEAU<br \/>\nStation n\u00b0 7001 : 63 BOULEVARD DES INVALIDES<br \/>\nStation n\u00b0 6108 : 20 RUE SAINT ROMAIN<\/h3>\n<\/td>\n<td>\n<h3 style=\"text-align: center;\"><span style=\"text-decoration: underline;\"><strong>En Autolib&#8217; :<\/strong><\/span><br \/>\n2 rue Mayet,<br \/>\n4 Avenue du Maine,<br \/>\n2 Rue Duroc.<\/h3>\n<\/td>\n<\/tr>\n<\/tbody>\n<\/table>\n<p>&nbsp;<\/p>\n<h2 style=\"text-align: center;\"><strong>Vous pouvez vous garer \u00e0 proximit\u00e9 du Hammam Pacha<\/strong><\/h2>\n<p style=\"text-align: center;\"><strong>avec un tarif r\u00e9duit gr\u00e2ce \u00e0 ZENPARK<\/strong><\/p>\n<p style=\"text-align: center;\"><strong>(14 \u00e0 19 euros pour 6 heures selon parking)<\/strong><\/p>\n<table class=\" aligncenter\" style=\"border-collapse: collapse; width: 58.633%; height: 118px;\">\n<tbody>\n<tr style=\"height: 187px;\">\n<td style=\"width: 50%; height: 187px;\">\n<p style=\"text-align: center;\"><strong>Parking Paris<\/strong><\/p>\n<p style=\"text-align: center;\"><strong>Gare Montparnasse &#8211; CCI<\/strong><\/p>\n<p style=\"text-align: center;\"><strong>19 rue Antoine Bourdelle &#8211; 75015 Paris<\/strong><\/p>\n<p style=\"text-align: center;\"><strong>R\u00e9servez sur <a href=\"http:\/\/zenpark.com\" target=\"_blank\" rel=\"noopener\"><u>zenpark.com<\/u><\/a><\/strong><\/p>\n<\/td>\n<td style=\"width: 50%; height: 187px;\">\n<p style=\"text-align: center;\"><strong>Parking Paris<\/strong><\/p>\n<p style=\"text-align: center;\"><strong>H\u00f4pital Necker &#8211; Pasteur<\/strong><\/p>\n<p style=\"text-align: center;\"><strong>6 rue Dulac &#8211; 75015 Paris<\/strong><\/p>\n<p style=\"text-align: center;\"><strong>R\u00e9servez sur <a href=\"http:\/\/zenpark.com\" target=\"_blank\" rel=\"noopener\"><u>zenpark.com<\/u><\/a><\/strong><\/p>\n<\/td>\n<\/tr>\n<\/tbody>\n<\/table>\n<h3><\/h3>\n<h3><\/h3>\n<h3><\/h3>\n<h3 style=\"text-align: center;\"><strong>La r\u00e9f\u00e9rence des hammams depuis plus de 35 ans !<\/strong><\/h3>\n<h3 style=\"text-align: center;\">\u201cOuvrez les portes du bien-\u00eatre\u201d<\/h3>\n<h3 style=\"text-align: center;\">Sur pr\u00e8s de 700 m\u00b2 au c\u0153ur du 6\u00e8me arrondissement de Paris<\/h3>\n<h3 style=\"text-align: center;\">Ouvert 7 jours sur 7, y compris les jours f\u00e9ri\u00e9s*<\/h3>\n<h3 style=\"text-align: center;\">Sans rendez-vous (sauf pour les \u00e9pilations)<\/h3>\n<h3 style=\"text-align: center;\">Exclusivement r\u00e9serv\u00e9 aux femmes<\/h3>\n","protected":false},"excerpt":{"rendered":"<p>&nbsp; En Metro : Ligne 12 : Falguiere Lignes 10, 13 : Duroc Lignes 13, 4, 6 : Montparnasse &#8211; Bienvenue En Bus : Lignes 28, 92, 82, 89 : Maine &#8211; Vaugirard Lignes 39, 70 : Pasteur &#8211; Lycee Buffon Lignes 95, 96, 94, 58, 91 : Place du 18 juin 1940 &#8211; Rue<\/p>\n","protected":false},"author":2,"featured_media":0,"parent":0,"menu_order":0,"comment_status":"open","ping_status":"closed","template":"","meta":{"footnotes":""},"class_list":["post-595","page","type-page","status-publish","hentry"],"acf":[],"_links":{"self":[{"href":"https:\/\/hammampacha.com\/wpress\/wp-json\/wp\/v2\/pages\/595","targetHints":{"allow":["GET"]}}],"collection":[{"href":"https:\/\/hammampacha.com\/wpress\/wp-json\/wp\/v2\/pages"}],"about":[{"href":"https:\/\/hammampacha.com\/wpress\/wp-json\/wp\/v2\/types\/page"}],"author":[{"embeddable":true,"href":"https:\/\/hammampacha.com\/wpress\/wp-json\/wp\/v2\/users\/2"}],"replies":[{"embeddable":true,"href":"https:\/\/hammampacha.com\/wpress\/wp-json\/wp\/v2\/comments?post=595"}],"version-history":[{"count":3,"href":"https:\/\/hammampacha.com\/wpress\/wp-json\/wp\/v2\/pages\/595\/revisions"}],"predecessor-version":[{"id":4808,"href":"https:\/\/hammampacha.com\/wpress\/wp-json\/wp\/v2\/pages\/595\/revisions\/4808"}],"wp:attachment":[{"href":"https:\/\/hammampacha.com\/wpress\/wp-json\/wp\/v2\/media?parent=595"}],"curies":[{"name":"wp","href":"https:\/\/api.w.org\/{rel}","templated":true}]}}