{"id":597,"date":"2015-08-29T20:54:21","date_gmt":"2015-08-29T19:54:21","guid":{"rendered":"https:\/\/hammampacha.com\/wpress\/?page_id=597"},"modified":"2026-04-02T14:43:21","modified_gmt":"2026-04-02T13:43:21","slug":"horaires","status":"publish","type":"page","link":"https:\/\/hammampacha.com\/wpress\/horaires\/","title":{"rendered":"Horaires du Hammam Pacha"},"content":{"rendered":"<p style=\"text-align: right;\">\u00a0(Mise \u00e0 jour le 02\/04\/2026)<\/p>\n<table style=\"width: 0%; border-color: #fcfcfc; height: 28px;\">\n<tbody>\n<tr>\n<td><\/td>\n<\/tr>\n<\/tbody>\n<\/table>\n<h2 style=\"text-align: center;\">Horaires Hammam Pacha<\/h2>\n<h2 style=\"text-align: center;\">ouvert le lundi de p\u00e2ques 06\/04\/2026 de 11h \u00e0 19h<\/h2>\n<h3 style=\"text-align: center;\">Horaires habituels :<\/h3>\n<table style=\"margin: auto; width: 300px; height: 400px;\" border=\"0\" cellspacing=\"5\" cellpadding=\"5\">\n<tbody>\n<tr>\n<td style=\"width: 120px; height: 15px; text-align: center;\"><span style=\"font-size: 14pt;\">Lundi :<\/span><\/td>\n<td style=\"width: 120px; height: 15px; text-align: center;\"><span style=\"font-size: 14pt;\">11h \u00e0 19h<\/span><\/td>\n<\/tr>\n<tr>\n<td style=\"width: 120px; height: 15px; text-align: center;\"><span style=\"font-size: 14pt;\">Mardi :<\/span><\/td>\n<td style=\"width: 120px; height: 15px; text-align: center;\"><span style=\"font-size: 14pt;\">11h \u00e0 19h<\/span><\/td>\n<\/tr>\n<tr>\n<td style=\"width: 120px; height: 15px; text-align: center;\"><span style=\"font-size: 14pt;\">Mercredi :<br \/>\n<\/span><\/td>\n<td style=\"width: 120px; height: 15px; text-align: center;\"><span style=\"font-size: 14pt;\">11h \u00e0 19h<br \/>\n<\/span><\/td>\n<\/tr>\n<tr>\n<td style=\"width: 120px; height: 15px; text-align: center;\"><span style=\"font-size: 14pt;\">Jeudi :<br \/>\n<\/span><\/td>\n<td style=\"width: 120px; height: 15px; text-align: center;\"><span style=\"font-size: 14pt;\">11h \u00e0 22h<br \/>\n<\/span><\/td>\n<\/tr>\n<tr>\n<td style=\"width: 120px; height: 15px; text-align: center;\"><span style=\"font-size: 14pt;\"> Vendredi :<br \/>\n<\/span><\/td>\n<td style=\"width: 120px; height: 15px; text-align: center;\"><span style=\"font-size: 14pt;\">11h \u00e0 22h<br \/>\n<\/span><\/td>\n<\/tr>\n<tr>\n<td style=\"width: 120px; height: 15px; text-align: center;\"><span style=\"font-size: 14pt;\"> Samedi :<br \/>\n<\/span><\/td>\n<td style=\"width: 120px; height: 15px; text-align: center;\"><span style=\"font-size: 14pt;\"> 10h \u00e0 19h<br \/>\n<\/span><\/td>\n<\/tr>\n<tr>\n<td style=\"width: 120px; height: 15px; text-align: center;\"><span style=\"font-size: 14pt;\"> Dimanche :<br \/>\n<\/span><\/td>\n<td style=\"width: 120px; height: 15px; text-align: center;\"><span style=\"font-size: 14pt;\">10h \u00e0 19h<br \/>\n<\/span><\/td>\n<\/tr>\n<\/tbody>\n<\/table>\n<h4 style=\"text-align: center;\"><\/h4>\n<h4 style=\"text-align: center;\"><span style=\"font-size: 14pt;\">Sans rendez-vous sauf pour les \u00e9pilations<\/span><\/h4>\n<h5 style=\"text-align: center;\"><span style=\"font-size: 14pt;\">Attention: La salle de restauration reste ouverte 1 heure de plus tous les jours.<\/span><\/h5>\n<h5 style=\"text-align: center;\"><span style=\"font-size: 14pt;\">Pour votre tranquillit\u00e9, nous acceptons les enfants \u00e0 partir de 14 ans<\/span><\/h5>\n<div class=\"screens\"><div class=\"small-screen-left\"><img decoding=\"async\" class=\"element_fade_in\" src=\"https:\/\/hammampacha.com\/wpress\/wp-content\/uploads\/Hammam-Pacha-Salle-de-Restauration-2.jpg\" alt=\"\" \/><\/div><div class=\"small-screen-right\"><img decoding=\"async\" class=\"element_fade_in\" src=\"https:\/\/hammampacha.com\/wpress\/wp-content\/uploads\/Hammam-Pacha-Salle-de-vapeur-31.jpg\" alt=\"\" \/><\/div><div class=\"big-screen\"><img decoding=\"async\" class=\"element_fade_in\" src=\"https:\/\/hammampacha.com\/wpress\/wp-content\/uploads\/Hammam-Pacha-Salle-de-Repos-2.jpg\" alt=\"\" \/><\/div><\/div>\n","protected":false},"excerpt":{"rendered":"<p>\u00a0(Mise \u00e0 jour le 02\/04\/2026) Horaires Hammam Pacha ouvert le lundi de p\u00e2ques 06\/04\/2026 de 11h \u00e0 19h Horaires habituels : Lundi : 11h \u00e0 19h Mardi : 11h \u00e0 19h Mercredi : 11h \u00e0 19h Jeudi : 11h \u00e0 22h Vendredi : 11h \u00e0 22h Samedi : 10h \u00e0 19h Dimanche : 10h \u00e0<\/p>\n","protected":false},"author":2,"featured_media":0,"parent":0,"menu_order":0,"comment_status":"open","ping_status":"closed","template":"","meta":{"footnotes":""},"class_list":["post-597","page","type-page","status-publish","hentry"],"acf":[],"_links":{"self":[{"href":"https:\/\/hammampacha.com\/wpress\/wp-json\/wp\/v2\/pages\/597","targetHints":{"allow":["GET"]}}],"collection":[{"href":"https:\/\/hammampacha.com\/wpress\/wp-json\/wp\/v2\/pages"}],"about":[{"href":"https:\/\/hammampacha.com\/wpress\/wp-json\/wp\/v2\/types\/page"}],"author":[{"embeddable":true,"href":"https:\/\/hammampacha.com\/wpress\/wp-json\/wp\/v2\/users\/2"}],"replies":[{"embeddable":true,"href":"https:\/\/hammampacha.com\/wpress\/wp-json\/wp\/v2\/comments?post=597"}],"version-history":[{"count":3,"href":"https:\/\/hammampacha.com\/wpress\/wp-json\/wp\/v2\/pages\/597\/revisions"}],"predecessor-version":[{"id":4840,"href":"https:\/\/hammampacha.com\/wpress\/wp-json\/wp\/v2\/pages\/597\/revisions\/4840"}],"wp:attachment":[{"href":"https:\/\/hammampacha.com\/wpress\/wp-json\/wp\/v2\/media?parent=597"}],"curies":[{"name":"wp","href":"https:\/\/api.w.org\/{rel}","templated":true}]}}