{"id":8,"date":"2014-02-07T10:52:43","date_gmt":"2014-02-07T10:52:43","guid":{"rendered":"https:\/\/clapat.ro\/themes\/newave-wordpress\/?page_id=8"},"modified":"2023-07-11T14:25:38","modified_gmt":"2023-07-11T13:25:38","slug":"home-page","status":"publish","type":"page","link":"https:\/\/hammampacha.com\/wpress\/home-page\/","title":{"rendered":"Home"},"content":{"rendered":"<h3 style=\"text-align: center;\"><strong>La r\u00e9f\u00e9rence des hammams depuis plus de 35 ans !<\/strong><\/h3>\n<h3 style=\"text-align: center;\">\u201cOuvrez les portes du bien-\u00eatre\u201d<\/h3>\n<h3 style=\"text-align: center;\">Sur pr\u00e8s de 700 m\u00b2 au c\u0153ur du 6\u00e8me arrondissement de Paris<\/h3>\n<h3 style=\"text-align: center;\">Ouvert 7 jours sur 7, y compris les jours f\u00e9ri\u00e9s*<\/h3>\n<h3 style=\"text-align: center;\">Sans rendez-vous (sauf pour les \u00e9pilations)<\/h3>\n<h3 style=\"text-align: center;\">Exclusivement r\u00e9serv\u00e9 aux femmes<\/h3>\n","protected":false},"excerpt":{"rendered":"<p>La r\u00e9f\u00e9rence des hammams depuis plus de 35 ans ! \u201cOuvrez les portes du bien-\u00eatre\u201d Sur pr\u00e8s de 700 m\u00b2 au c\u0153ur du 6\u00e8me arrondissement de Paris Ouvert 7 jours sur 7, y compris les jours f\u00e9ri\u00e9s* Sans rendez-vous (sauf pour les \u00e9pilations) Exclusivement r\u00e9serv\u00e9 aux femmes<\/p>\n","protected":false},"author":2,"featured_media":0,"parent":0,"menu_order":0,"comment_status":"open","ping_status":"closed","template":"","meta":{"footnotes":""},"class_list":["post-8","page","type-page","status-publish","hentry"],"acf":[],"_links":{"self":[{"href":"https:\/\/hammampacha.com\/wpress\/wp-json\/wp\/v2\/pages\/8","targetHints":{"allow":["GET"]}}],"collection":[{"href":"https:\/\/hammampacha.com\/wpress\/wp-json\/wp\/v2\/pages"}],"about":[{"href":"https:\/\/hammampacha.com\/wpress\/wp-json\/wp\/v2\/types\/page"}],"author":[{"embeddable":true,"href":"https:\/\/hammampacha.com\/wpress\/wp-json\/wp\/v2\/users\/2"}],"replies":[{"embeddable":true,"href":"https:\/\/hammampacha.com\/wpress\/wp-json\/wp\/v2\/comments?post=8"}],"version-history":[{"count":0,"href":"https:\/\/hammampacha.com\/wpress\/wp-json\/wp\/v2\/pages\/8\/revisions"}],"wp:attachment":[{"href":"https:\/\/hammampacha.com\/wpress\/wp-json\/wp\/v2\/media?parent=8"}],"curies":[{"name":"wp","href":"https:\/\/api.w.org\/{rel}","templated":true}]}}