{"id":851,"date":"2015-09-19T11:28:34","date_gmt":"2015-09-19T10:28:34","guid":{"rendered":"https:\/\/hammampacha.com\/wpress\/?page_id=851"},"modified":"2023-07-11T14:54:39","modified_gmt":"2023-07-11T13:54:39","slug":"premiere-visite","status":"publish","type":"page","link":"https:\/\/hammampacha.com\/wpress\/premiere-visite\/","title":{"rendered":"Premi\u00e8re visite"},"content":{"rendered":"<dl class=\"accordion\"><br \/>\n<dt><span class=\"accordion-status\"><\/span><span><\/p>\n<h2>C'est votre premi\u00e8re fois au Hammam ?<\/h2>\n<p><\/span><\/dt><dd class=\"accordion-content\"><\/p>\n<h4 style=\"text-align: center;\">Quelques renseignements pratiques :<br \/>\nNe vous encombrez pas : peignoirs, serviettes et mules sont fournis.<br \/>\nDes s\u00e9choirs sont \u00e0 votre disposition.<br \/>\nApportez uniquement votre trousse de toilette (shampoing\/savon\u2026)<br \/>\nNous vous accueillerons en vous offrant un verre de th\u00e9. Vous pourrez alors visionner une courte vid\u00e9o vous faisant d\u00e9couvrir l\u2019int\u00e9rieur du hammam et les diff\u00e9rentes \u00e9tapes et rituels.<\/h4>\n<p><strong>Le voyage commence d\u00e9j\u00e0.<\/strong><\/p>\n<p><\/dd><br \/>\n<dt><span class=\"accordion-status\"><\/span><span><\/p>\n<h2>Je fais mon Hammam<\/h2>\n<p><\/span><\/dt><dd class=\"accordion-content\"><\/p>\n<h4 style=\"text-align: center;\">A l&#8217;int\u00e9rieur du Hammam, vous pouvez \u00eatre nue, en par\u00e9o ou en maillot de bain, \u00e0 l&#8217;exception de la salle de restauration o\u00f9 vous devez porter votre peignoir.<br \/>\nPour des raisons d&#8217;hygi\u00e8ne, vous devez garder vos savates en permanence.<br \/>\nTemp\u00e9rature dans le Hammam:<br \/>\n&#8211; Salle de repos: 25\u00b0C.<br \/>\n&#8211; Salle ti\u00e8de: 35\u00b0C.<br \/>\n&#8211; Salle de vapeur: 45\u00b0C.<br \/>\n&#8211; Sauna: 80\u00b0C.<\/h4>\n<p><\/dd><br \/>\n<dt><span class=\"accordion-status\"><\/span><span><\/p>\n<h2>Je me fais \u00e9piler<\/h2>\n<p><\/span><\/dt><dd class=\"accordion-content\"><\/p>\n<h4 style=\"text-align: center;\">Il faut attendre en moyenne 4 \u00e0 5 semaines de repousse pour se faire \u00e9piler.<br \/>\nLes \u00e9pilations s\u2019effectuent avant d\u2019entrer au Hammam.<br \/>\nIl est imp\u00e9ratif de prendre rdv au 01 43 06 55 55. Pr\u00e9cisez alors les zones que vous d\u00e9sirez \u00e9piler.<\/h4>\n<p><\/dd><br \/>\n<dt><span class=\"accordion-status\"><\/span><span><\/p>\n<h2>Le r\u00e8glement<\/h2>\n<p><\/span><\/dt><dd class=\"accordion-content\"><\/p>\n<h4 style=\"text-align: center;\">Le r\u00e8glement s\u2019effectue \u00e0 l\u2019accueil en choisissant votre forfait.<br \/>\nVous pourrez toutefois commander des th\u00e9s et g\u00e2teaux dans la salle de repos, ou ajouter un soin en milieu de parcours.<br \/>\nVous effectuerez le r\u00e8glement du compl\u00e9ment au moment de rendre votre cl\u00e9 du vestiaire.<br \/>\nAttention ch\u00e8ques et tickets restaurant ne sont plus accept\u00e9s.<br \/>\nSeules les cartes bancaires (sauf l\u2019Amex) et esp\u00e8ces sont accept\u00e9es.<\/h4>\n<p><\/dd><br \/>\n<\/dl>\n","protected":false},"excerpt":{"rendered":"","protected":false},"author":2,"featured_media":0,"parent":0,"menu_order":0,"comment_status":"closed","ping_status":"closed","template":"","meta":{"footnotes":""},"class_list":["post-851","page","type-page","status-publish","hentry"],"acf":[],"_links":{"self":[{"href":"https:\/\/hammampacha.com\/wpress\/wp-json\/wp\/v2\/pages\/851","targetHints":{"allow":["GET"]}}],"collection":[{"href":"https:\/\/hammampacha.com\/wpress\/wp-json\/wp\/v2\/pages"}],"about":[{"href":"https:\/\/hammampacha.com\/wpress\/wp-json\/wp\/v2\/types\/page"}],"author":[{"embeddable":true,"href":"https:\/\/hammampacha.com\/wpress\/wp-json\/wp\/v2\/users\/2"}],"replies":[{"embeddable":true,"href":"https:\/\/hammampacha.com\/wpress\/wp-json\/wp\/v2\/comments?post=851"}],"version-history":[{"count":2,"href":"https:\/\/hammampacha.com\/wpress\/wp-json\/wp\/v2\/pages\/851\/revisions"}],"predecessor-version":[{"id":3171,"href":"https:\/\/hammampacha.com\/wpress\/wp-json\/wp\/v2\/pages\/851\/revisions\/3171"}],"wp:attachment":[{"href":"https:\/\/hammampacha.com\/wpress\/wp-json\/wp\/v2\/media?parent=851"}],"curies":[{"name":"wp","href":"https:\/\/api.w.org\/{rel}","templated":true}]}}